{"id":4789,"date":"2024-07-25T04:00:52","date_gmt":"2024-07-25T04:00:52","guid":{"rendered":"https:\/\/ecologhouse.ca\/?page_id=4789"},"modified":"2024-11-27T15:56:50","modified_gmt":"2024-11-27T15:56:50","slug":"design","status":"publish","type":"page","link":"https:\/\/ecologhouse.ca\/fr\/design\/","title":{"rendered":"Conception"},"content":{"rendered":"<div data-elementor-type=\"wp-page\" data-elementor-id=\"4789\" class=\"elementor elementor-4789\" data-elementor-post-type=\"page\">\n\t\t\t\t<div class=\"elementor-element elementor-element-b0a42b7 e-flex e-con-boxed e-con e-parent\" data-id=\"b0a42b7\" data-element_type=\"container\" data-e-type=\"container\" data-settings=\"{&quot;background_background&quot;:&quot;classic&quot;}\">\n\t\t\t\t\t<div class=\"e-con-inner\">\n\t\t\t\t<div class=\"elementor-element elementor-element-16f50c3 animated-fast elementor-invisible elementor-widget elementor-widget-heading\" data-id=\"16f50c3\" data-element_type=\"widget\" data-e-type=\"widget\" data-settings=\"{&quot;_animation&quot;:&quot;ova-move-up&quot;,&quot;_animation_tablet&quot;:&quot;none&quot;,&quot;_animation_delay&quot;:200}\" data-widget_type=\"heading.default\">\n\t\t\t\t<div class=\"elementor-widget-container\">\n\t\t\t\t\t<h1 class=\"elementor-heading-title elementor-size-default\">Conception<\/h1>\t\t\t\t<\/div>\n\t\t\t\t<\/div>\n\t\t\t\t\t<\/div>\n\t\t\t\t<\/div>\n\t\t\t\t<section class=\"elementor-section elementor-top-section elementor-element elementor-element-150b5fc elementor-section-boxed elementor-section-height-default elementor-section-height-default\" data-id=\"150b5fc\" data-element_type=\"section\" data-e-type=\"section\">\n\t\t\t\t\t\t<div class=\"elementor-container elementor-column-gap-default\">\n\t\t\t\t\t<div class=\"elementor-column elementor-col-50 elementor-top-column elementor-element elementor-element-b015e48\" data-id=\"b015e48\" data-element_type=\"column\" data-e-type=\"column\">\n\t\t\t<div class=\"elementor-widget-wrap elementor-element-populated\">\n\t\t\t\t\t\t<div class=\"elementor-element elementor-element-7407c7a elementor-widget elementor-widget-retirio_elementor_heading\" data-id=\"7407c7a\" data-element_type=\"widget\" data-e-type=\"widget\" data-widget_type=\"retirio_elementor_heading.default\">\n\t\t\t\t<div class=\"elementor-widget-container\">\n\t\t\t\t\t\n\t\t<div class=\"ova-title\">\n\n\t\t\t\t\t\t\t<h3 class=\"sub-title\">Conceptions innovantes pour un mode de vie moderne<\/h3>\n\t\t\t\n\t\t\t\t\t\t\t\t\t\t\t\t\t\t<h2 class=\"title\">\n\t\t\t\t\t\t\t\tServices de conception personnalis\u00e9e\t\t\t\t\t\t\t<\/h2>\n\t\t\t\t\t\t\t\n\t\t\t\t\t\t\t<p class=\"description\"> Chez Ecolog House, nous sommes fiers d\u2019offrir des solutions de conception uniques pour votre future maison en bois lamell\u00e9-coll\u00e9. Nos architectes et designers exp\u00e9riment\u00e9s \u00e9laborent chaque projet avec soin, en recherchant l\u2019\u00e9quilibre parfait entre esth\u00e9tique et fonctionnalit\u00e9. Anim\u00e9s par l\u2019innovation et la cr\u00e9ativit\u00e9, nous veillons \u00e0 ce que chaque maison refl\u00e8te fid\u00e8lement la vision de nos clients. <\/p>\n\t\t\t\n\t\t<\/div> \n\t\t\t\t\t\t<\/div>\n\t\t\t\t<\/div>\n\t\t\t\t<div class=\"elementor-element elementor-element-632ff34 elementor-widget elementor-widget-text-editor\" data-id=\"632ff34\" data-element_type=\"widget\" data-e-type=\"widget\" data-widget_type=\"text-editor.default\">\n\t\t\t\t<div class=\"elementor-widget-container\">\n\t\t\t\t\t\t\t\t\t<p>\u00ab Notre professionnalisme et notre exp\u00e9rience nous permettent de relever m\u00eame les d\u00e9fis de conception les plus complexes, en garantissant une maison \u00e0 la fois belle et fonctionnelle. \u00bb<\/p>\t\t\t\t\t\t\t\t<\/div>\n\t\t\t\t<\/div>\n\t\t\t\t<div class=\"elementor-element elementor-element-af72cbe elementor-widget elementor-widget-retirio_elementor_heading\" data-id=\"af72cbe\" data-element_type=\"widget\" data-e-type=\"widget\" data-widget_type=\"retirio_elementor_heading.default\">\n\t\t\t\t<div class=\"elementor-widget-container\">\n\t\t\t\t\t\n\t\t<div class=\"ova-title\">\n\n\t\t\t\n\t\t\t\n\t\t\t\t\t\t\t<p class=\"description\"> Des premiers croquis aux plans finaux, nous impliquons nos clients \u00e0 chaque \u00e9tape du processus de conception. Cette approche collaborative permet d\u2019assurer que le design final corresponde parfaitement \u00e0 votre mode de vie et \u00e0 vos pr\u00e9f\u00e9rences. Notre souci du d\u00e9tail et notre engagement envers la qualit\u00e9 se retrouvent dans chacun de nos projets. <\/p>\n\t\t\t\n\t\t<\/div> \n\t\t\t\t\t\t<\/div>\n\t\t\t\t<\/div>\n\t\t<div class=\"elementor-element elementor-element-dd3e811 e-flex e-con-boxed e-con e-parent\" data-id=\"dd3e811\" data-element_type=\"container\" data-e-type=\"container\">\n\t\t\t\t\t<div class=\"e-con-inner\">\n\t\t\t\t<div class=\"elementor-element elementor-element-79386af elementor-widget__width-initial elementor-widget elementor-widget-image\" data-id=\"79386af\" data-element_type=\"widget\" data-e-type=\"widget\" data-widget_type=\"image.default\">\n\t\t\t\t<div class=\"elementor-widget-container\">\n\t\t\t\t\t\t\t\t\t\t\t\t\t\t\t<img fetchpriority=\"high\" decoding=\"async\" width=\"396\" height=\"361\" src=\"https:\/\/ecologhouse.ca\/wp-content\/uploads\/2024\/11\/\u0421\u043d\u0438\u043c\u043e\u043a-\u044d\u043a\u0440\u0430\u043d\u0430-2024-11-07-110425.png\" class=\"attachment-large size-large wp-image-6346\" alt=\"\" srcset=\"https:\/\/ecologhouse.ca\/wp-content\/uploads\/2024\/11\/\u0421\u043d\u0438\u043c\u043e\u043a-\u044d\u043a\u0440\u0430\u043d\u0430-2024-11-07-110425.png 396w, https:\/\/ecologhouse.ca\/wp-content\/uploads\/2024\/11\/\u0421\u043d\u0438\u043c\u043e\u043a-\u044d\u043a\u0440\u0430\u043d\u0430-2024-11-07-110425-300x273.png 300w\" sizes=\"(max-width: 396px) 100vw, 396px\" \/>\t\t\t\t\t\t\t\t\t\t\t\t\t\t\t<\/div>\n\t\t\t\t<\/div>\n\t\t\t\t<div class=\"elementor-element elementor-element-39e5afc elementor-widget elementor-widget-text-editor\" data-id=\"39e5afc\" data-element_type=\"widget\" data-e-type=\"widget\" data-widget_type=\"text-editor.default\">\n\t\t\t\t<div class=\"elementor-widget-container\">\n\t\t\t\t\t\t\t\t\t<p>T.P. Technologue en architecture \u2013 <span style=\"color: #000000;\"><strong>Kristina Kharambuta.<\/strong><\/span><\/p><p><a href=\"mailto:architect@ecologhouse.ca\"><span style=\"color: #ff9900;\"><strong>architect@ecologhouse.ca<\/strong><\/span><\/a><\/p>\t\t\t\t\t\t\t\t<\/div>\n\t\t\t\t<\/div>\n\t\t\t\t\t<\/div>\n\t\t\t\t<\/div>\n\t\t\t\t<div class=\"elementor-element elementor-element-550ead6 elementor-widget elementor-widget-button\" data-id=\"550ead6\" data-element_type=\"widget\" data-e-type=\"widget\" data-widget_type=\"button.default\">\n\t\t\t\t<div class=\"elementor-widget-container\">\n\t\t\t\t\t\t\t\t\t<div class=\"elementor-button-wrapper\">\n\t\t\t\t\t<a class=\"elementor-button elementor-button-link elementor-size-sm\" href=\"#contact\">\n\t\t\t\t\t\t<span class=\"elementor-button-content-wrapper\">\n\t\t\t\t\t\t\t\t\t<span class=\"elementor-button-text\">Discutons ensemble de votre projet<\/span>\n\t\t\t\t\t<\/span>\n\t\t\t\t\t<\/a>\n\t\t\t\t<\/div>\n\t\t\t\t\t\t\t\t<\/div>\n\t\t\t\t<\/div>\n\t\t\t\t\t<\/div>\n\t\t<\/div>\n\t\t\t\t<div class=\"elementor-column elementor-col-50 elementor-top-column elementor-element elementor-element-15aea1c\" data-id=\"15aea1c\" data-element_type=\"column\" data-e-type=\"column\">\n\t\t\t<div class=\"elementor-widget-wrap elementor-element-populated\">\n\t\t\t\t\t\t<div class=\"elementor-element elementor-element-2bd6b0d elementor-widget elementor-widget-image\" data-id=\"2bd6b0d\" data-element_type=\"widget\" data-e-type=\"widget\" data-widget_type=\"image.default\">\n\t\t\t\t<div class=\"elementor-widget-container\">\n\t\t\t\t\t\t\t\t\t\t\t\t\t\t\t<img decoding=\"async\" width=\"300\" height=\"499\" src=\"https:\/\/ecologhouse.ca\/wp-content\/uploads\/2022\/06\/decor-primary-home-3.png\" class=\"attachment-full size-full wp-image-3980\" alt=\"\" srcset=\"https:\/\/ecologhouse.ca\/wp-content\/uploads\/2022\/06\/decor-primary-home-3.png 300w, https:\/\/ecologhouse.ca\/wp-content\/uploads\/2022\/06\/decor-primary-home-3-180x300.png 180w\" sizes=\"(max-width: 300px) 100vw, 300px\" \/>\t\t\t\t\t\t\t\t\t\t\t\t\t\t\t<\/div>\n\t\t\t\t<\/div>\n\t\t\t\t<div class=\"elementor-element elementor-element-7c70a08 elementor-absolute elementor-hidden-mobile elementor-widget elementor-widget-image\" data-id=\"7c70a08\" data-element_type=\"widget\" data-e-type=\"widget\" data-settings=\"{&quot;_position&quot;:&quot;absolute&quot;}\" data-widget_type=\"image.default\">\n\t\t\t\t<div class=\"elementor-widget-container\">\n\t\t\t\t\t\t\t\t\t\t\t\t\t\t\t<img decoding=\"async\" width=\"1333\" height=\"2000\" src=\"https:\/\/ecologhouse.ca\/wp-content\/uploads\/2024\/07\/engineer-with-ponytail-drawing-house-plan-in-office.jpg\" class=\"attachment-full size-full wp-image-4796\" alt=\"Engineer with ponytail drawing house plan in office\" srcset=\"https:\/\/ecologhouse.ca\/wp-content\/uploads\/2024\/07\/engineer-with-ponytail-drawing-house-plan-in-office.jpg 1333w, https:\/\/ecologhouse.ca\/wp-content\/uploads\/2024\/07\/engineer-with-ponytail-drawing-house-plan-in-office-200x300.jpg 200w, https:\/\/ecologhouse.ca\/wp-content\/uploads\/2024\/07\/engineer-with-ponytail-drawing-house-plan-in-office-682x1024.jpg 682w, https:\/\/ecologhouse.ca\/wp-content\/uploads\/2024\/07\/engineer-with-ponytail-drawing-house-plan-in-office-768x1152.jpg 768w, https:\/\/ecologhouse.ca\/wp-content\/uploads\/2024\/07\/engineer-with-ponytail-drawing-house-plan-in-office-1024x1536.jpg 1024w\" sizes=\"(max-width: 1333px) 100vw, 1333px\" \/>\t\t\t\t\t\t\t\t\t\t\t\t\t\t\t<\/div>\n\t\t\t\t<\/div>\n\t\t\t\t<div class=\"elementor-element elementor-element-0dc8bab elementor-absolute elementor-widget elementor-widget-image\" data-id=\"0dc8bab\" data-element_type=\"widget\" data-e-type=\"widget\" data-settings=\"{&quot;_position&quot;:&quot;absolute&quot;}\" data-widget_type=\"image.default\">\n\t\t\t\t<div class=\"elementor-widget-container\">\n\t\t\t\t\t\t\t\t\t\t\t\t\t\t\t<img loading=\"lazy\" decoding=\"async\" width=\"1333\" height=\"2000\" src=\"https:\/\/ecologhouse.ca\/wp-content\/uploads\/2024\/11\/team-of-engineers-reviewing-blueprints-sketch-of-a-new-construction-project-with-engineering-tools-a.jpg\" class=\"attachment-full size-full wp-image-6339\" alt=\"Team of engineers reviewing blueprints Sketch of a new construction project with engineering tools a\" srcset=\"https:\/\/ecologhouse.ca\/wp-content\/uploads\/2024\/11\/team-of-engineers-reviewing-blueprints-sketch-of-a-new-construction-project-with-engineering-tools-a.jpg 1333w, https:\/\/ecologhouse.ca\/wp-content\/uploads\/2024\/11\/team-of-engineers-reviewing-blueprints-sketch-of-a-new-construction-project-with-engineering-tools-a-200x300.jpg 200w, https:\/\/ecologhouse.ca\/wp-content\/uploads\/2024\/11\/team-of-engineers-reviewing-blueprints-sketch-of-a-new-construction-project-with-engineering-tools-a-682x1024.jpg 682w, https:\/\/ecologhouse.ca\/wp-content\/uploads\/2024\/11\/team-of-engineers-reviewing-blueprints-sketch-of-a-new-construction-project-with-engineering-tools-a-768x1152.jpg 768w, https:\/\/ecologhouse.ca\/wp-content\/uploads\/2024\/11\/team-of-engineers-reviewing-blueprints-sketch-of-a-new-construction-project-with-engineering-tools-a-1024x1536.jpg 1024w\" sizes=\"(max-width: 1333px) 100vw, 1333px\" \/>\t\t\t\t\t\t\t\t\t\t\t\t\t\t\t<\/div>\n\t\t\t\t<\/div>\n\t\t\t\t<div class=\"elementor-element elementor-element-989ea1d elementor-widget__width-auto elementor-absolute animated-fast elementor-invisible elementor-widget elementor-widget-retirio_elementor_counter\" data-id=\"989ea1d\" data-element_type=\"widget\" data-e-type=\"widget\" data-settings=\"{&quot;_position&quot;:&quot;absolute&quot;,&quot;_animation&quot;:&quot;zoomIn&quot;,&quot;_animation_tablet&quot;:&quot;none&quot;}\" data-widget_type=\"retirio_elementor_counter.default\">\n\t\t\t\t<div class=\"elementor-widget-container\">\n\t\t\t\t\t           \n           <div class=\"ova-counter ova-counter-template1\" data-count=\"187\">\n                \n\t            \t            \t<div class=\"icon\">\n\t\t\t\t\t\t<i aria-hidden=\"true\" class=\"flaticon flaticon-social-media\"><\/i>\t\t\t\t\t<\/div>\n\t\t\t\t\t            \n                <div class=\"odometer-wrapper\">\n\t\t\t\t\t<span class=\"odometer\">0<\/span>\n\t\t\t\t\t\t\t\t\t\t\t<span class=\"suffix\">\n\t\t\t\t\t\t\t+\t\t\t\t        <\/span>\n\t\t\t\t    \t\t\t        \t\t\t\t\t\t<h4 class=\"title\">\n\t\t\t\t\t\t\tProject design complete\t\t\t\t\t\t<\/h4>\n\t\t\t\t\t\t\t\t    <\/div>\n\n           <\/div>\n\t\t \t\n\t\t\t\t\t\t<\/div>\n\t\t\t\t<\/div>\n\t\t\t\t\t<\/div>\n\t\t<\/div>\n\t\t\t\t\t<\/div>\n\t\t<\/section>\n\t\t\t\t<\/div>","protected":false},"excerpt":{"rendered":"<p>Design Innovative designs for modern living Personalized Design Services At Ecolog House, we pride ourselves on offering unique design solutions for your future glued laminated timber home. Our experienced architects and designers meticulously craft each project to balance aesthetics and functionality. With a commitment to innovation and creativity, we ensure that every home we design [&hellip;]<\/p>\n","protected":false},"author":1,"featured_media":0,"parent":0,"menu_order":0,"comment_status":"closed","ping_status":"closed","template":"elementor_header_footer","meta":{"footnotes":""},"class_list":["post-4789","page","type-page","status-publish","hentry"],"_links":{"self":[{"href":"https:\/\/ecologhouse.ca\/fr\/wp-json\/wp\/v2\/pages\/4789","targetHints":{"allow":["GET"]}}],"collection":[{"href":"https:\/\/ecologhouse.ca\/fr\/wp-json\/wp\/v2\/pages"}],"about":[{"href":"https:\/\/ecologhouse.ca\/fr\/wp-json\/wp\/v2\/types\/page"}],"author":[{"embeddable":true,"href":"https:\/\/ecologhouse.ca\/fr\/wp-json\/wp\/v2\/users\/1"}],"replies":[{"embeddable":true,"href":"https:\/\/ecologhouse.ca\/fr\/wp-json\/wp\/v2\/comments?post=4789"}],"version-history":[{"count":0,"href":"https:\/\/ecologhouse.ca\/fr\/wp-json\/wp\/v2\/pages\/4789\/revisions"}],"wp:attachment":[{"href":"https:\/\/ecologhouse.ca\/fr\/wp-json\/wp\/v2\/media?parent=4789"}],"curies":[{"name":"wp","href":"https:\/\/api.w.org\/{rel}","templated":true}]}}