{"id":4812,"date":"2024-07-25T04:20:05","date_gmt":"2024-07-25T04:20:05","guid":{"rendered":"https:\/\/ecologhouse.ca\/?page_id=4812"},"modified":"2024-10-08T01:35:14","modified_gmt":"2024-10-08T01:35:14","slug":"technology-production","status":"publish","type":"page","link":"https:\/\/ecologhouse.ca\/fr\/technology-production\/","title":{"rendered":"Technologie &amp; Production"},"content":{"rendered":"<div data-elementor-type=\"wp-page\" data-elementor-id=\"4812\" class=\"elementor elementor-4812\" data-elementor-post-type=\"page\">\n\t\t\t\t<div class=\"elementor-element elementor-element-6660cbc e-flex e-con-boxed e-con e-parent\" data-id=\"6660cbc\" data-element_type=\"container\" data-e-type=\"container\" data-settings=\"{&quot;background_background&quot;:&quot;classic&quot;}\">\n\t\t\t\t\t<div class=\"e-con-inner\">\n\t\t\t\t<div class=\"elementor-element elementor-element-c953d18 animated-fast elementor-invisible elementor-widget elementor-widget-heading\" data-id=\"c953d18\" data-element_type=\"widget\" data-e-type=\"widget\" data-settings=\"{&quot;_animation&quot;:&quot;ova-move-up&quot;,&quot;_animation_tablet&quot;:&quot;none&quot;,&quot;_animation_delay&quot;:200}\" data-widget_type=\"heading.default\">\n\t\t\t\t<div class=\"elementor-widget-container\">\n\t\t\t\t\t<h1 class=\"elementor-heading-title elementor-size-default\">Technologie &amp; Production<\/h1>\t\t\t\t<\/div>\n\t\t\t\t<\/div>\n\t\t\t\t\t<\/div>\n\t\t\t\t<\/div>\n\t\t\t\t<section class=\"elementor-section elementor-top-section elementor-element elementor-element-9276524 elementor-reverse-mobile elementor-section-boxed elementor-section-height-default elementor-section-height-default\" data-id=\"9276524\" data-element_type=\"section\" data-e-type=\"section\">\n\t\t\t\t\t\t\t<div class=\"elementor-background-overlay\"><\/div>\n\t\t\t\t\t\t\t<div class=\"elementor-container elementor-column-gap-no\">\n\t\t\t\t\t<div class=\"elementor-column elementor-col-50 elementor-top-column elementor-element elementor-element-e63aaa1\" data-id=\"e63aaa1\" data-element_type=\"column\" data-e-type=\"column\">\n\t\t\t<div class=\"elementor-widget-wrap elementor-element-populated\">\n\t\t\t\t\t\t<div class=\"elementor-element elementor-element-cec8917 elementor-widget__width-inherit elementor-widget-mobile__width-inherit elementor-invisible elementor-widget elementor-widget-retirio_elementor_image\" data-id=\"cec8917\" data-element_type=\"widget\" data-e-type=\"widget\" data-settings=\"{&quot;_animation&quot;:&quot;fadeInLeft&quot;,&quot;_animation_tablet&quot;:&quot;none&quot;}\" data-widget_type=\"retirio_elementor_image.default\">\n\t\t\t\t<div class=\"elementor-widget-container\">\n\t\t\t\t\t\t\t \n\t\t\n\t\t\n\t\t   \t<div class=\"ova-img template2\">\n\t\t   \t\t<img decoding=\"async\" src=\"https:\/\/ecologhouse.ca\/wp-content\/uploads\/2024\/07\/finland-wooden-production-technologies-are-some-of-the-best-in-the-world.jpg\" alt=\"\">\n\t\t\t\t\n\t\t\t\t\n\t\t\t\t\t\t\t\t\t<div class=\"line line-left\"><\/div>\n\t\t\t\t\n\t\t\t\t\t\t\t\t\t<div class=\"line-left text\">\n\t\t\t\t\t\t<h2>Innovation<\/h2>\n\t\t\t\t\t<\/div>\n\t\t\t\t\t\t\t<\/div>\n\n\t\t\t\t\t\t<\/div>\n\t\t\t\t<\/div>\n\t\t\t\t\t<\/div>\n\t\t<\/div>\n\t\t\t\t<div class=\"elementor-column elementor-col-50 elementor-top-column elementor-element elementor-element-aaf6410 animated-slow elementor-invisible\" data-id=\"aaf6410\" data-element_type=\"column\" data-e-type=\"column\" data-settings=\"{&quot;animation&quot;:&quot;slideInRight&quot;,&quot;animation_tablet&quot;:&quot;none&quot;,&quot;animation_delay&quot;:100}\">\n\t\t\t<div class=\"elementor-widget-wrap elementor-element-populated\">\n\t\t\t\t\t\t<div class=\"elementor-element elementor-element-44c0464 elementor-widget elementor-widget-retirio_elementor_heading\" data-id=\"44c0464\" data-element_type=\"widget\" data-e-type=\"widget\" data-widget_type=\"retirio_elementor_heading.default\">\n\t\t\t\t<div class=\"elementor-widget-container\">\n\t\t\t\t\t\n\t\t<div class=\"ova-title\">\n\n\t\t\t\t\t\t\t<h3 class=\"sub-title\">Innovation dans chaque \u00e9l\u00e9ment<\/h3>\n\t\t\t\n\t\t\t\t\t\t\t\t\t\t\t\t\t\t<h2 class=\"title\">\n\t\t\t\t\t\t\t\tGestion durable et haute technologie\t\t\t\t\t\t\t<\/h2>\n\t\t\t\t\t\t\t\n\t\t\t\t\t\t\t<p class=\"description\"> Chez Ecolog House, nous utilisons des technologies de pointe et des mat\u00e9riaux de haute qualit\u00e9 pour construire des maisons en bois lamell\u00e9-coll\u00e9 durables et respectueuses de l\u2019environnement. Notre processus de production est g\u00e9r\u00e9 avec rigueur, depuis la s\u00e9lection du bois de premi\u00e8re qualit\u00e9 jusqu\u2019\u00e0 la d\u00e9coupe et \u00e0 l\u2019assemblage pr\u00e9cis de chaque composant. Nos installations ultramodernes et nos artisans qualifi\u00e9s garantissent un travail soign\u00e9 jusque dans les moindres d\u00e9tails. Nous sommes engag\u00e9s dans une d\u00e9marche durable et adoptons des pratiques respectueuses de l\u2019environnement pour r\u00e9duire au minimum notre impact \u00e9cologique. <\/p>\n\t\t\t\n\t\t<\/div> \n\t\t\t\t\t\t<\/div>\n\t\t\t\t<\/div>\n\t\t\t\t<div class=\"elementor-element elementor-element-7677865 elementor-widget elementor-widget-text-editor\" data-id=\"7677865\" data-element_type=\"widget\" data-e-type=\"widget\" data-widget_type=\"text-editor.default\">\n\t\t\t\t<div class=\"elementor-widget-container\">\n\t\t\t\t\t\t\t\t\t<p>\u00ab Notre professionnalisme et notre grande exp\u00e9rience assurent que chaque maison que nous r\u00e9alisons respecte les plus hauts standards de qualit\u00e9 et de durabilit\u00e9. \u00bb<\/p>\t\t\t\t\t\t\t\t<\/div>\n\t\t\t\t<\/div>\n\t\t\t\t\t<\/div>\n\t\t<\/div>\n\t\t\t\t\t<\/div>\n\t\t<\/section>\n\t\t\t\t<section class=\"elementor-section elementor-top-section elementor-element elementor-element-599e86f elementor-section-boxed elementor-section-height-default elementor-section-height-default\" data-id=\"599e86f\" data-element_type=\"section\" data-e-type=\"section\" data-settings=\"{&quot;background_background&quot;:&quot;classic&quot;}\">\n\t\t\t\t\t\t<div class=\"elementor-container elementor-column-gap-no\">\n\t\t\t\t\t<div class=\"elementor-column elementor-col-50 elementor-top-column elementor-element elementor-element-490aa29 elementor-invisible\" data-id=\"490aa29\" data-element_type=\"column\" data-e-type=\"column\" data-settings=\"{&quot;animation&quot;:&quot;ova-move-left&quot;,&quot;animation_tablet&quot;:&quot;none&quot;}\">\n\t\t\t<div class=\"elementor-widget-wrap elementor-element-populated\">\n\t\t\t\t\t\t<div class=\"elementor-element elementor-element-e72419e elementor-widget elementor-widget-retirio_elementor_heading\" data-id=\"e72419e\" data-element_type=\"widget\" data-e-type=\"widget\" data-widget_type=\"retirio_elementor_heading.default\">\n\t\t\t\t<div class=\"elementor-widget-container\">\n\t\t\t\t\t\n\t\t<div class=\"ova-title\">\n\n\t\t\t\t\t\t\t<h3 class=\"sub-title\">Pr\u00e9cision \u00e0 chaque \u00e9tape<\/h3>\n\t\t\t\n\t\t\t\t\t\t\t\t\t\t\t\t\t\t<h2 class=\"title\">\n\t\t\t\t\t\t\t\tS\u00e9chage et traitement\t\t\t\t\t\t\t<\/h2>\n\t\t\t\t\t\t\t\n\t\t\t\t\t\t\t<p class=\"description\"> Un s\u00e9chage et un traitement appropri\u00e9s du bois sont essentiels \u00e0 la long\u00e9vit\u00e9 et \u00e0 la stabilit\u00e9 de nos maisons. Nos techniques de s\u00e9chage avanc\u00e9es permettent au bois de conserver sa solidit\u00e9 et son int\u00e9grit\u00e9, \u00e9vitant ainsi les probl\u00e8mes tels que le gauchissement ou les fissures. Chaque pi\u00e8ce de bois subit des contr\u00f4les qualit\u00e9 rigoureux pour s\u2019assurer qu\u2019elle r\u00e9pond \u00e0 nos exigences \u00e9lev\u00e9es. <\/p>\n\t\t\t\n\t\t<\/div> \n\t\t\t\t\t\t<\/div>\n\t\t\t\t<\/div>\n\t\t\t\t<div class=\"elementor-element elementor-element-ff5dee9 elementor-widget elementor-widget-text-editor\" data-id=\"ff5dee9\" data-element_type=\"widget\" data-e-type=\"widget\" data-widget_type=\"text-editor.default\">\n\t\t\t\t<div class=\"elementor-widget-container\">\n\t\t\t\t\t\t\t\t\t<p>\u00ab Notre expertise dans le traitement du bois garantit que chaque composant de votre maison est fabriqu\u00e9 avec pr\u00e9cision et soin. \u00bb<\/p>\t\t\t\t\t\t\t\t<\/div>\n\t\t\t\t<\/div>\n\t\t\t\t<div class=\"elementor-element elementor-element-6aac767 elementor-widget elementor-widget-retirio_elementor_heading\" data-id=\"6aac767\" data-element_type=\"widget\" data-e-type=\"widget\" data-widget_type=\"retirio_elementor_heading.default\">\n\t\t\t\t<div class=\"elementor-widget-container\">\n\t\t\t\t\t\n\t\t<div class=\"ova-title\">\n\n\t\t\t\n\t\t\t\n\t\t\t\t\t\t\t<p class=\"description\"> Nous comprenons l\u2019importance de la qualit\u00e9 \u00e0 chaque \u00e9tape de la production. Notre engagement envers l\u2019excellence signifie que nous ne faisons jamais de compromis sur les mat\u00e9riaux ou les m\u00e9thodes utilis\u00e9es. Avec Ecolog House, vous pouvez avoir l\u2019assurance que votre maison est construite avec le meilleur bois, trait\u00e9 \u00e0 la perfection. <\/p>\n\t\t\t\n\t\t<\/div> \n\t\t\t\t\t\t<\/div>\n\t\t\t\t<\/div>\n\t\t\t\t\t<\/div>\n\t\t<\/div>\n\t\t\t\t<div class=\"elementor-column elementor-col-50 elementor-top-column elementor-element elementor-element-c8ee62c elementor-invisible\" data-id=\"c8ee62c\" data-element_type=\"column\" data-e-type=\"column\" data-settings=\"{&quot;animation&quot;:&quot;ova-move-right&quot;,&quot;animation_tablet&quot;:&quot;none&quot;}\">\n\t\t\t<div class=\"elementor-widget-wrap elementor-element-populated\">\n\t\t\t\t\t\t<div class=\"elementor-element elementor-element-3a3de7a elementor-widget elementor-widget-retirio_elementor_image\" data-id=\"3a3de7a\" data-element_type=\"widget\" data-e-type=\"widget\" data-widget_type=\"retirio_elementor_image.default\">\n\t\t\t\t<div class=\"elementor-widget-container\">\n\t\t\t\t\t\t\t \n\t\t\n\t\t\n\t\t   \t<div class=\"ova-img template2\">\n\t\t   \t\t<img decoding=\"async\" src=\"https:\/\/ecologhouse.ca\/wp-content\/uploads\/2024\/07\/rovaniemi-log-house-wooden-planks-factory.jpg\" alt=\"\">\n\t\t\t\t\n\t\t\t\t\t\t\t\t\t<div class=\"line line-right\"><\/div>\n\t\t\t\t\n\t\t\t\t\n\t\t\t\t\t\t\t\t\t<div class=\"line-left text\">\n\t\t\t\t\t\t<h2>Processing<\/h2>\n\t\t\t\t\t<\/div>\n\t\t\t\t\t\t\t<\/div>\n\n\t\t\t\t\t\t<\/div>\n\t\t\t\t<\/div>\n\t\t\t\t\t<\/div>\n\t\t<\/div>\n\t\t\t\t\t<\/div>\n\t\t<\/section>\n\t\t\t\t<section class=\"elementor-section elementor-top-section elementor-element elementor-element-8b71a41 elementor-reverse-mobile elementor-section-boxed elementor-section-height-default elementor-section-height-default\" data-id=\"8b71a41\" data-element_type=\"section\" data-e-type=\"section\">\n\t\t\t\t\t\t\t<div class=\"elementor-background-overlay\"><\/div>\n\t\t\t\t\t\t\t<div class=\"elementor-container elementor-column-gap-no\">\n\t\t\t\t\t<div class=\"elementor-column elementor-col-50 elementor-top-column elementor-element elementor-element-c7c4630\" data-id=\"c7c4630\" data-element_type=\"column\" data-e-type=\"column\">\n\t\t\t<div class=\"elementor-widget-wrap elementor-element-populated\">\n\t\t\t\t\t\t<div class=\"elementor-element elementor-element-4cbba80 elementor-widget__width-inherit elementor-widget-mobile__width-inherit elementor-invisible elementor-widget elementor-widget-retirio_elementor_image\" data-id=\"4cbba80\" data-element_type=\"widget\" data-e-type=\"widget\" data-settings=\"{&quot;_animation&quot;:&quot;fadeInLeft&quot;,&quot;_animation_tablet&quot;:&quot;none&quot;}\" data-widget_type=\"retirio_elementor_image.default\">\n\t\t\t\t<div class=\"elementor-widget-container\">\n\t\t\t\t\t\t\t \n\t\t\n\t\t\n\t\t   \t<div class=\"ova-img template2\">\n\t\t   \t\t<img decoding=\"async\" src=\"https:\/\/ecologhouse.ca\/wp-content\/uploads\/2024\/08\/Kontio_FI_Factory_0507_02.jpg\" alt=\"\">\n\t\t\t\t\n\t\t\t\t\n\t\t\t\t\t\t\t\t\t<div class=\"line line-left\"><\/div>\n\t\t\t\t\n\t\t\t\t\t\t\t\t\t<div class=\"line-left text\">\n\t\t\t\t\t\t<h2>Quality<\/h2>\n\t\t\t\t\t<\/div>\n\t\t\t\t\t\t\t<\/div>\n\n\t\t\t\t\t\t<\/div>\n\t\t\t\t<\/div>\n\t\t\t\t\t<\/div>\n\t\t<\/div>\n\t\t\t\t<div class=\"elementor-column elementor-col-50 elementor-top-column elementor-element elementor-element-eb5c40c animated-slow elementor-invisible\" data-id=\"eb5c40c\" data-element_type=\"column\" data-e-type=\"column\" data-settings=\"{&quot;animation&quot;:&quot;slideInRight&quot;,&quot;animation_tablet&quot;:&quot;none&quot;,&quot;animation_delay&quot;:100}\">\n\t\t\t<div class=\"elementor-widget-wrap elementor-element-populated\">\n\t\t\t\t\t\t<div class=\"elementor-element elementor-element-885a765 elementor-widget elementor-widget-retirio_elementor_heading\" data-id=\"885a765\" data-element_type=\"widget\" data-e-type=\"widget\" data-widget_type=\"retirio_elementor_heading.default\">\n\t\t\t\t<div class=\"elementor-widget-container\">\n\t\t\t\t\t\n\t\t<div class=\"ova-title\">\n\n\t\t\t\t\t\t\t<h3 class=\"sub-title\">D\u00e9passant les attentes en mati\u00e8re de qualit\u00e9<\/h3>\n\t\t\t\n\t\t\t\t\t\t\t\t\t\t\t\t\t\t<h2 class=\"title\">\n\t\t\t\t\t\t\t\tConformit\u00e9 totale aux normes de qualit\u00e9\t\t\t\t\t\t\t<\/h2>\n\t\t\t\t\t\t\t\n\t\t\t\t\t\t\t<p class=\"description\"> Notre exigence de qualit\u00e9 d\u00e9passe le simple cadre de la production. Elle s\u2019\u00e9tend \u00e0 tous les aspects de notre activit\u00e9. De la phase de conception initiale jusqu\u2019\u00e0 l\u2019assemblage final, nous nous engageons \u00e0 livrer des maisons qui d\u00e9passent les attentes de nos clients. Avec Ecolog House, vous avez la garantie que votre maison est construite selon les plus hauts standards de qualit\u00e9 et d\u2019excellence. <\/p>\n\t\t\t\n\t\t<\/div> \n\t\t\t\t\t\t<\/div>\n\t\t\t\t<\/div>\n\t\t\t\t<div class=\"elementor-element elementor-element-c058054 elementor-widget elementor-widget-text-editor\" data-id=\"c058054\" data-element_type=\"widget\" data-e-type=\"widget\" data-widget_type=\"text-editor.default\">\n\t\t\t\t<div class=\"elementor-widget-container\">\n\t\t\t\t\t\t\t\t\t<p>\u00ab En assurant une conformit\u00e9 totale aux normes de qualit\u00e9, nous garantissons que nos maisons r\u00e9pondent aux plus hauts niveaux de s\u00e9curit\u00e9 et de performance. \u00bb<\/p>\t\t\t\t\t\t\t\t<\/div>\n\t\t\t\t<\/div>\n\t\t\t\t\t<\/div>\n\t\t<\/div>\n\t\t\t\t\t<\/div>\n\t\t<\/section>\n\t\t\t\t<\/div>","protected":false},"excerpt":{"rendered":"<p>Technology &amp; Production Inovation Innovation in every element Sustainable Management and High Technology At Ecolog House, we leverage advanced technologies and high-quality materials to construct durable and sustainable glued laminated timber homes. Our production process is meticulously managed, from the selection of premium timber to the precision cutting and assembly of each component. Our state-of-the-art [&hellip;]<\/p>\n","protected":false},"author":1,"featured_media":0,"parent":0,"menu_order":0,"comment_status":"closed","ping_status":"closed","template":"elementor_header_footer","meta":{"footnotes":""},"class_list":["post-4812","page","type-page","status-publish","hentry"],"_links":{"self":[{"href":"https:\/\/ecologhouse.ca\/fr\/wp-json\/wp\/v2\/pages\/4812","targetHints":{"allow":["GET"]}}],"collection":[{"href":"https:\/\/ecologhouse.ca\/fr\/wp-json\/wp\/v2\/pages"}],"about":[{"href":"https:\/\/ecologhouse.ca\/fr\/wp-json\/wp\/v2\/types\/page"}],"author":[{"embeddable":true,"href":"https:\/\/ecologhouse.ca\/fr\/wp-json\/wp\/v2\/users\/1"}],"replies":[{"embeddable":true,"href":"https:\/\/ecologhouse.ca\/fr\/wp-json\/wp\/v2\/comments?post=4812"}],"version-history":[{"count":0,"href":"https:\/\/ecologhouse.ca\/fr\/wp-json\/wp\/v2\/pages\/4812\/revisions"}],"wp:attachment":[{"href":"https:\/\/ecologhouse.ca\/fr\/wp-json\/wp\/v2\/media?parent=4812"}],"curies":[{"name":"wp","href":"https:\/\/api.w.org\/{rel}","templated":true}]}}