{"id":5030,"date":"2024-08-31T16:46:25","date_gmt":"2024-08-31T16:46:25","guid":{"rendered":"https:\/\/ecologhouse.ca\/?page_id=5030"},"modified":"2025-05-12T05:18:19","modified_gmt":"2025-05-12T05:18:19","slug":"healthy-living","status":"publish","type":"page","link":"https:\/\/ecologhouse.ca\/fr\/healthy-living\/","title":{"rendered":"Vie saine"},"content":{"rendered":"<div data-elementor-type=\"wp-page\" data-elementor-id=\"5030\" class=\"elementor elementor-5030\" data-elementor-post-type=\"page\">\n\t\t\t\t<div class=\"elementor-element elementor-element-6660cbc e-flex e-con-boxed e-con e-parent\" data-id=\"6660cbc\" data-element_type=\"container\" data-e-type=\"container\" data-settings=\"{&quot;background_background&quot;:&quot;classic&quot;}\">\n\t\t\t\t\t<div class=\"e-con-inner\">\n\t\t\t\t<div class=\"elementor-element elementor-element-c953d18 animated-fast elementor-invisible elementor-widget elementor-widget-heading\" data-id=\"c953d18\" data-element_type=\"widget\" data-e-type=\"widget\" data-settings=\"{&quot;_animation&quot;:&quot;ova-move-up&quot;,&quot;_animation_tablet&quot;:&quot;none&quot;,&quot;_animation_delay&quot;:200}\" data-widget_type=\"heading.default\">\n\t\t\t\t<div class=\"elementor-widget-container\">\n\t\t\t\t\t<h1 class=\"elementor-heading-title elementor-size-default\">Healthy &amp; Organic Living<\/h1>\t\t\t\t<\/div>\n\t\t\t\t<\/div>\n\t\t\t\t\t<\/div>\n\t\t\t\t<\/div>\n\t\t<div class=\"elementor-element elementor-element-63dd083 e-flex e-con-boxed e-con e-parent\" data-id=\"63dd083\" data-element_type=\"container\" data-e-type=\"container\">\n\t\t\t\t\t<div class=\"e-con-inner\">\n\t\t\t\t<div class=\"elementor-element elementor-element-5cdb32d elementor-widget elementor-widget-text-editor\" data-id=\"5cdb32d\" data-element_type=\"widget\" data-e-type=\"widget\" data-widget_type=\"text-editor.default\">\n\t\t\t\t<div class=\"elementor-widget-container\">\n\t\t\t\t\t\t\t\t\t<p>Les maisons EcoLogHouse ne sont pas seulement esth\u00e9tiques, elles sont aussi b\u00e9n\u00e9fiques pour la sant\u00e9. Sp\u00e9cialiste des maisons en bois saines, notre entreprise m\u00e8ne des projets de recherche en collaboration avec des experts reconnus, afin de d\u00e9velopper des innovations ax\u00e9es sur le bien-\u00eatre et un mode de vie sain. Gr\u00e2ce \u00e0 notre programme Eco Healthy Living\u2122, nous nous appuyons sur 45 ans d\u2019expertise dans le domaine des b\u00e2timents sains.<\/p>\t\t\t\t\t\t\t\t<\/div>\n\t\t\t\t<\/div>\n\t\t\t\t\t<\/div>\n\t\t\t\t<\/div>\n\t\t\t\t<section class=\"elementor-section elementor-top-section elementor-element elementor-element-9276524 elementor-reverse-mobile elementor-section-boxed elementor-section-height-default elementor-section-height-default\" data-id=\"9276524\" data-element_type=\"section\" data-e-type=\"section\">\n\t\t\t\t\t\t\t<div class=\"elementor-background-overlay\"><\/div>\n\t\t\t\t\t\t\t<div class=\"elementor-container elementor-column-gap-no\">\n\t\t\t\t\t<div class=\"elementor-column elementor-col-50 elementor-top-column elementor-element elementor-element-e63aaa1\" data-id=\"e63aaa1\" data-element_type=\"column\" data-e-type=\"column\">\n\t\t\t<div class=\"elementor-widget-wrap elementor-element-populated\">\n\t\t\t\t\t\t<div class=\"elementor-element elementor-element-cec8917 elementor-widget__width-inherit elementor-widget-mobile__width-inherit elementor-invisible elementor-widget elementor-widget-retirio_elementor_image\" data-id=\"cec8917\" data-element_type=\"widget\" data-e-type=\"widget\" data-settings=\"{&quot;_animation&quot;:&quot;fadeInLeft&quot;,&quot;_animation_tablet&quot;:&quot;none&quot;}\" data-widget_type=\"retirio_elementor_image.default\">\n\t\t\t\t<div class=\"elementor-widget-container\">\n\t\t\t\t\t\t\t \n\t\t\n\t\t\n\t\t   \t<div class=\"ova-img template2\">\n\t\t   \t\t<img decoding=\"async\" src=\"https:\/\/ecologhouse.ca\/wp-content\/uploads\/2024\/08\/young-flowering-shoots-of-pine-trees-on-the-tops-of-the-pine-branches-decorative-trees.jpg\" alt=\"Young flowering shoots of pine trees on the tops of the pine branches. Decorative trees\">\n\t\t\t\t\n\t\t\t\t\n\t\t\t\t\t\t\t\t\t<div class=\"line line-left\"><\/div>\n\t\t\t\t\n\t\t\t\t\t\t\t\t\t<div class=\"line-left text\">\n\t\t\t\t\t\t<h2>Arctic<\/h2>\n\t\t\t\t\t<\/div>\n\t\t\t\t\t\t\t<\/div>\n\n\t\t\t\t\t\t<\/div>\n\t\t\t\t<\/div>\n\t\t\t\t\t<\/div>\n\t\t<\/div>\n\t\t\t\t<div class=\"elementor-column elementor-col-50 elementor-top-column elementor-element elementor-element-aaf6410 animated-slow elementor-invisible\" data-id=\"aaf6410\" data-element_type=\"column\" data-e-type=\"column\" data-settings=\"{&quot;animation&quot;:&quot;slideInRight&quot;,&quot;animation_tablet&quot;:&quot;none&quot;,&quot;animation_delay&quot;:100}\">\n\t\t\t<div class=\"elementor-widget-wrap elementor-element-populated\">\n\t\t\t\t\t\t<div class=\"elementor-element elementor-element-44c0464 elementor-widget elementor-widget-retirio_elementor_heading\" data-id=\"44c0464\" data-element_type=\"widget\" data-e-type=\"widget\" data-widget_type=\"retirio_elementor_heading.default\">\n\t\t\t\t<div class=\"elementor-widget-container\">\n\t\t\t\t\t\n\t\t<div class=\"ova-title\">\n\n\t\t\t\t\t\t\t<h3 class=\"sub-title\">Innovation dans chaque \u00e9l\u00e9ment<\/h3>\n\t\t\t\n\t\t\t\t\t\t\t\t\t\t\t\t\t\t<h2 class=\"title\">\n\t\t\t\t\t\t\t\tPin Arctique Antibact\u00e9rien\t\t\t\t\t\t\t<\/h2>\n\t\t\t\t\t\t\t\n\t\t\t\t\t\t\t<p class=\"description\"> Eco Log House utilise du v\u00e9ritable pin arctique comme mati\u00e8re premi\u00e8re. Ce bois, issu des for\u00eats naturelles et propres du nord de la Finlande, est robuste, esth\u00e9tique, durable et loin de toute pollution industrielle. Il poss\u00e8de \u00e9galement des propri\u00e9t\u00e9s naturelles antibact\u00e9riennes, ce qui le rend r\u00e9sistant \u00e0 l\u2019humidit\u00e9, aux moisissures et \u00e0 d\u2019autres agents nocifs. Cela fait des maisons Eco Log House des habitations durables et saines, m\u00eame dans des conditions humides ou pluvieuses. <\/p>\n\t\t\t\n\t\t<\/div> \n\t\t\t\t\t\t<\/div>\n\t\t\t\t<\/div>\n\t\t\t\t<div class=\"elementor-element elementor-element-3579620 elementor-widget elementor-widget-text-editor\" data-id=\"3579620\" data-element_type=\"widget\" data-e-type=\"widget\" data-widget_type=\"text-editor.default\">\n\t\t\t\t<div class=\"elementor-widget-container\">\n\t\t\t\t\t\t\t\t\t<p>\u201cCes qualit\u00e9s sont tr\u00e8s appr\u00e9ci\u00e9es par nos clients. Par exemple, Eco Log House a \u00e9t\u00e9 choisi comme fournisseur pour des \u00e9coles et b\u00e2timents publics pr\u00e9cis\u00e9ment parce que nous garantissons une excellente qualit\u00e9 de l\u2019air int\u00e9rieur.\u201d<\/p>\t\t\t\t\t\t\t\t<\/div>\n\t\t\t\t<\/div>\n\t\t\t\t\t<\/div>\n\t\t<\/div>\n\t\t\t\t\t<\/div>\n\t\t<\/section>\n\t\t\t\t<section class=\"elementor-section elementor-top-section elementor-element elementor-element-599e86f elementor-section-boxed elementor-section-height-default elementor-section-height-default\" data-id=\"599e86f\" data-element_type=\"section\" data-e-type=\"section\" data-settings=\"{&quot;background_background&quot;:&quot;classic&quot;}\">\n\t\t\t\t\t\t<div class=\"elementor-container elementor-column-gap-no\">\n\t\t\t\t\t<div class=\"elementor-column elementor-col-50 elementor-top-column elementor-element elementor-element-490aa29 elementor-invisible\" data-id=\"490aa29\" data-element_type=\"column\" data-e-type=\"column\" data-settings=\"{&quot;animation&quot;:&quot;ova-move-left&quot;,&quot;animation_tablet&quot;:&quot;none&quot;}\">\n\t\t\t<div class=\"elementor-widget-wrap elementor-element-populated\">\n\t\t\t\t\t\t<div class=\"elementor-element elementor-element-e72419e elementor-widget elementor-widget-retirio_elementor_heading\" data-id=\"e72419e\" data-element_type=\"widget\" data-e-type=\"widget\" data-widget_type=\"retirio_elementor_heading.default\">\n\t\t\t\t<div class=\"elementor-widget-container\">\n\t\t\t\t\t\n\t\t<div class=\"ova-title\">\n\n\t\t\t\t\t\t\t<h3 class=\"sub-title\">Pr\u00e9cision \u00e0 chaque \u00e9tape<\/h3>\n\t\t\t\n\t\t\t\t\t\t\t\t\t\t\t\t\t\t<h2 class=\"title\">\n\t\t\t\t\t\t\t\tPr\u00e9vention de l\u2019asthme et des allergies\t\t\t\t\t\t\t<\/h2>\n\t\t\t\t\t\t\t\n\t\t\t\t\t\t\t<p class=\"description\"> Les habitants des maisons en rondins sont les plus satisfaits de la qualit\u00e9 de l\u2019air int\u00e9rieur. Une \u00e9tude men\u00e9e en Finlande a r\u00e9v\u00e9l\u00e9 que les r\u00e9sidents de maisons en bois massif \u00e9taient plus satisfaits que ceux vivant dans des maisons en briques ou \u00e0 ossature bois traditionnelle. Cela s\u2019explique par les propri\u00e9t\u00e9s uniques du bois, absentes des autres mat\u00e9riaux de construction. <\/p>\n\t\t\t\n\t\t<\/div> \n\t\t\t\t\t\t<\/div>\n\t\t\t\t<\/div>\n\t\t\t\t<div class=\"elementor-element elementor-element-ff5dee9 elementor-widget elementor-widget-text-editor\" data-id=\"ff5dee9\" data-element_type=\"widget\" data-e-type=\"widget\" data-widget_type=\"text-editor.default\">\n\t\t\t\t<div class=\"elementor-widget-container\">\n\t\t\t\t\t\t\t\t\t<p>\u201cLes bois d\u2019Eco Log sont des mat\u00e9riaux s\u00fbrs et sains pour les int\u00e9rieurs. Ils r\u00e9pondent \u00e0 la classification M1 des \u00e9missions de mat\u00e9riaux de construction, la meilleure existante. Cela signifie que le produit n\u2019\u00e9met ni compos\u00e9s nocifs ni odeurs d\u00e9sagr\u00e9ables, et le label M1 garantit sa s\u00e9curit\u00e9 et ses faibles \u00e9missions.\u201d<\/p>\t\t\t\t\t\t\t\t<\/div>\n\t\t\t\t<\/div>\n\t\t\t\t\t<\/div>\n\t\t<\/div>\n\t\t\t\t<div class=\"elementor-column elementor-col-50 elementor-top-column elementor-element elementor-element-c8ee62c elementor-invisible\" data-id=\"c8ee62c\" data-element_type=\"column\" data-e-type=\"column\" data-settings=\"{&quot;animation&quot;:&quot;ova-move-right&quot;,&quot;animation_tablet&quot;:&quot;none&quot;}\">\n\t\t\t<div class=\"elementor-widget-wrap elementor-element-populated\">\n\t\t\t\t\t\t<div class=\"elementor-element elementor-element-3a3de7a elementor-widget elementor-widget-retirio_elementor_image\" data-id=\"3a3de7a\" data-element_type=\"widget\" data-e-type=\"widget\" data-widget_type=\"retirio_elementor_image.default\">\n\t\t\t\t<div class=\"elementor-widget-container\">\n\t\t\t\t\t\t\t \n\t\t\n\t\t\n\t\t   \t<div class=\"ova-img template2\">\n\t\t   \t\t<img decoding=\"async\" src=\"https:\/\/ecologhouse.ca\/wp-content\/uploads\/2024\/08\/happy-young-family-stands-in-front-of-house-with-pines.jpg\" alt=\"Happy young family stands in front of house with pines\">\n\t\t\t\t\n\t\t\t\t\t\t\t\t\t<div class=\"line line-right\"><\/div>\n\t\t\t\t\n\t\t\t\t\n\t\t\t\t\t\t\t\t\t<div class=\"line-left text\">\n\t\t\t\t\t\t<h2>M1 <\/h2>\n\t\t\t\t\t<\/div>\n\t\t\t\t\t\t\t<\/div>\n\n\t\t\t\t\t\t<\/div>\n\t\t\t\t<\/div>\n\t\t\t\t\t<\/div>\n\t\t<\/div>\n\t\t\t\t\t<\/div>\n\t\t<\/section>\n\t\t\t\t<section class=\"elementor-section elementor-top-section elementor-element elementor-element-8b71a41 elementor-reverse-mobile elementor-section-boxed elementor-section-height-default elementor-section-height-default\" data-id=\"8b71a41\" data-element_type=\"section\" data-e-type=\"section\">\n\t\t\t\t\t\t\t<div class=\"elementor-background-overlay\"><\/div>\n\t\t\t\t\t\t\t<div class=\"elementor-container elementor-column-gap-no\">\n\t\t\t\t\t<div class=\"elementor-column elementor-col-50 elementor-top-column elementor-element elementor-element-c7c4630\" data-id=\"c7c4630\" data-element_type=\"column\" data-e-type=\"column\">\n\t\t\t<div class=\"elementor-widget-wrap elementor-element-populated\">\n\t\t\t\t\t\t<div class=\"elementor-element elementor-element-4cbba80 elementor-widget__width-inherit elementor-widget-mobile__width-inherit elementor-invisible elementor-widget elementor-widget-retirio_elementor_image\" data-id=\"4cbba80\" data-element_type=\"widget\" data-e-type=\"widget\" data-settings=\"{&quot;_animation&quot;:&quot;fadeInLeft&quot;,&quot;_animation_tablet&quot;:&quot;none&quot;}\" data-widget_type=\"retirio_elementor_image.default\">\n\t\t\t\t<div class=\"elementor-widget-container\">\n\t\t\t\t\t\t\t \n\t\t\n\t\t\n\t\t   \t<div class=\"ova-img template2\">\n\t\t   \t\t<img decoding=\"async\" src=\"https:\/\/ecologhouse.ca\/wp-content\/uploads\/2024\/08\/handsome-man-having-relax-day-in-forest-house-sipping-coffee-in-hammock-in-wood-in-morning-.jpg\" alt=\"Handsome man having relax day in forest house. Sipping coffee in hammock in wood in morning.\">\n\t\t\t\t\n\t\t\t\t\n\t\t\t\t\t\t\t\t\t<div class=\"line line-left\"><\/div>\n\t\t\t\t\n\t\t\t\t\t\t\t\t\t<div class=\"line-left text\">\n\t\t\t\t\t\t<h2>Heart<\/h2>\n\t\t\t\t\t<\/div>\n\t\t\t\t\t\t\t<\/div>\n\n\t\t\t\t\t\t<\/div>\n\t\t\t\t<\/div>\n\t\t\t\t\t<\/div>\n\t\t<\/div>\n\t\t\t\t<div class=\"elementor-column elementor-col-50 elementor-top-column elementor-element elementor-element-eb5c40c animated-slow elementor-invisible\" data-id=\"eb5c40c\" data-element_type=\"column\" data-e-type=\"column\" data-settings=\"{&quot;animation&quot;:&quot;slideInRight&quot;,&quot;animation_tablet&quot;:&quot;none&quot;,&quot;animation_delay&quot;:100}\">\n\t\t\t<div class=\"elementor-widget-wrap elementor-element-populated\">\n\t\t\t\t\t\t<div class=\"elementor-element elementor-element-885a765 elementor-widget elementor-widget-retirio_elementor_heading\" data-id=\"885a765\" data-element_type=\"widget\" data-e-type=\"widget\" data-widget_type=\"retirio_elementor_heading.default\">\n\t\t\t\t<div class=\"elementor-widget-container\">\n\t\t\t\t\t\n\t\t<div class=\"ova-title\">\n\n\t\t\t\n\t\t\t\t\t\t\t\t\t\t\t\t\t\t<h2 class=\"title\">\n\t\t\t\t\t\t\t\tBon pour le c\u0153ur\t\t\t\t\t\t\t<\/h2>\n\t\t\t\t\t\t\t\n\t\t\t\t\t\t\t<p class=\"description\"> Des \u00e9tudes ont d\u00e9montr\u00e9 que les structures en bois massif peuvent avoir des effets positifs sur la sant\u00e9, notamment dans les \u00e9coles. Une recherche autrichienne a \u00e9tudi\u00e9 l\u2019effet des mat\u00e9riaux de construction sur la fr\u00e9quence cardiaque des \u00e9l\u00e8ves. R\u00e9sultat : les classes en bois massif r\u00e9duisent le rythme cardiaque et les niveaux de stress. En moyenne, les enfants dans des salles de classe en bois ont 8 600 battements de c\u0153ur de moins par jour que ceux dans des salles en plaques de pl\u00e2tre peintes. Le pic de stress du matin dispara\u00eet \u00e9galement rapidement apr\u00e8s l\u2019arriv\u00e9e \u00e0 l\u2019\u00e9cole. <\/p>\n\t\t\t\n\t\t<\/div> \n\t\t\t\t\t\t<\/div>\n\t\t\t\t<\/div>\n\t\t\t\t<div class=\"elementor-element elementor-element-a77beab elementor-widget elementor-widget-retirio_elementor_heading\" data-id=\"a77beab\" data-element_type=\"widget\" data-e-type=\"widget\" data-widget_type=\"retirio_elementor_heading.default\">\n\t\t\t\t<div class=\"elementor-widget-container\">\n\t\t\t\t\t\n\t\t<div class=\"ova-title\">\n\n\t\t\t\n\t\t\t\t\t\t\t\t\t\t\t\t\t\t<h2 class=\"title\">\n\t\t\t\t\t\t\t\tExcellente acoustique\t\t\t\t\t\t\t<\/h2>\n\t\t\t\t\t\t\t\n\t\t\t\t\t\t\t<p class=\"description\"> En plus d\u2019\u00eatre apaisantes et agr\u00e9ables \u00e0 l\u2019\u0153il, les maisons Eco Log offrent un environnement acoustique remarquable, calme et harmonieux. De nombreux musiciens ont choisi les maisons en bois massif pour leurs propri\u00e9t\u00e9s acoustiques sup\u00e9rieures. Les murs massifs diffusent les sons tout en conservant un \u00e9quilibre tonal sans \u00e9cho ni distorsion. <\/p>\n\t\t\t\n\t\t<\/div> \n\t\t\t\t\t\t<\/div>\n\t\t\t\t<\/div>\n\t\t\t\t\t<\/div>\n\t\t<\/div>\n\t\t\t\t\t<\/div>\n\t\t<\/section>\n\t\t\t\t<section class=\"elementor-section elementor-top-section elementor-element elementor-element-bc5d427 elementor-section-boxed elementor-section-height-default elementor-section-height-default\" data-id=\"bc5d427\" data-element_type=\"section\" data-e-type=\"section\" data-settings=\"{&quot;background_background&quot;:&quot;classic&quot;}\">\n\t\t\t\t\t\t<div class=\"elementor-container elementor-column-gap-no\">\n\t\t\t\t\t<div class=\"elementor-column elementor-col-50 elementor-top-column elementor-element elementor-element-e6a4c6a elementor-invisible\" data-id=\"e6a4c6a\" data-element_type=\"column\" data-e-type=\"column\" data-settings=\"{&quot;animation&quot;:&quot;ova-move-left&quot;,&quot;animation_tablet&quot;:&quot;none&quot;}\">\n\t\t\t<div class=\"elementor-widget-wrap elementor-element-populated\">\n\t\t\t\t\t\t<div class=\"elementor-element elementor-element-a34bfdf elementor-widget elementor-widget-retirio_elementor_heading\" data-id=\"a34bfdf\" data-element_type=\"widget\" data-e-type=\"widget\" data-widget_type=\"retirio_elementor_heading.default\">\n\t\t\t\t<div class=\"elementor-widget-container\">\n\t\t\t\t\t\n\t\t<div class=\"ova-title\">\n\n\t\t\t\t\t\t\t<h3 class=\"sub-title\">Pr\u00e9cision \u00e0 chaque \u00e9tape<\/h3>\n\t\t\t\n\t\t\t\t\t\t\t\t\t\t\t\t\t\t<h2 class=\"title\">\n\t\t\t\t\t\t\t\tLe choix le plus \u00e9cologique\t\t\t\t\t\t\t<\/h2>\n\t\t\t\t\t\t\t\n\t\t\t\t\t\t\t<p class=\"description\"> Le bois est un mat\u00e9riau de construction d\u2019exception, 100 % renouvelable. L\u2019utiliser \u00e0 la place de mat\u00e9riaux non renouvelables r\u00e9duit consid\u00e9rablement l\u2019empreinte carbone d\u2019un b\u00e2timent. En poids, le bois est essentiellement compos\u00e9 d\u2019eau et de carbone (sous forme de cellulose). Par la photosynth\u00e8se, un arbre en croissance absorbe environ une tonne de dioxyde de carbone (CO\u2082) par m\u00e8tre cube de bois et lib\u00e8re de l\u2019oxyg\u00e8ne. <\/p>\n\t\t\t\n\t\t<\/div> \n\t\t\t\t\t\t<\/div>\n\t\t\t\t<\/div>\n\t\t\t\t<div class=\"elementor-element elementor-element-983933b elementor-widget elementor-widget-text-editor\" data-id=\"983933b\" data-element_type=\"widget\" data-e-type=\"widget\" data-widget_type=\"text-editor.default\">\n\t\t\t\t<div class=\"elementor-widget-container\">\n\t\t\t\t\t\t\t\t\t<p>\u201cChaque maison Eco Log emmagasine plusieurs tonnes de CO\u2082. Chaque maison durable devient ainsi un \u2018puits de carbone\u2019 \u2013 une v\u00e9ritable d\u00e9claration \u00e9cologique dans la lutte contre le changement climatique. Et replanter des for\u00eats permet de continuer ce cercle vertueux.\u201d<\/p>\t\t\t\t\t\t\t\t<\/div>\n\t\t\t\t<\/div>\n\t\t\t\t\t<\/div>\n\t\t<\/div>\n\t\t\t\t<div class=\"elementor-column elementor-col-50 elementor-top-column elementor-element elementor-element-356b3e1 elementor-invisible\" data-id=\"356b3e1\" data-element_type=\"column\" data-e-type=\"column\" data-settings=\"{&quot;animation&quot;:&quot;ova-move-right&quot;,&quot;animation_tablet&quot;:&quot;none&quot;}\">\n\t\t\t<div class=\"elementor-widget-wrap elementor-element-populated\">\n\t\t\t\t\t\t<div class=\"elementor-element elementor-element-4de9bbc elementor-widget elementor-widget-retirio_elementor_image\" data-id=\"4de9bbc\" data-element_type=\"widget\" data-e-type=\"widget\" data-widget_type=\"retirio_elementor_image.default\">\n\t\t\t\t<div class=\"elementor-widget-container\">\n\t\t\t\t\t\t\t \n\t\t\n\t\t\n\t\t   \t<div class=\"ova-img template2\">\n\t\t   \t\t<img decoding=\"async\" src=\"https:\/\/ecologhouse.ca\/wp-content\/uploads\/2024\/08\/young-woman-sitting-by-the-fireplace-in-white-sweater-drinking-tea-in-cozy-log-cabin-.jpg\" alt=\"Young woman sitting by the fireplace in white sweater, drinking tea in cozy log cabin.\">\n\t\t\t\t\n\t\t\t\t\t\t\t\t\t<div class=\"line line-right\"><\/div>\n\t\t\t\t\n\t\t\t\t\n\t\t\t\t\t\t\t\t\t<div class=\"line-left text\">\n\t\t\t\t\t\t<h2>\u00e9cologique<\/h2>\n\t\t\t\t\t<\/div>\n\t\t\t\t\t\t\t<\/div>\n\n\t\t\t\t\t\t<\/div>\n\t\t\t\t<\/div>\n\t\t\t\t\t<\/div>\n\t\t<\/div>\n\t\t\t\t\t<\/div>\n\t\t<\/section>\n\t\t\t\t<\/div>","protected":false},"excerpt":{"rendered":"<p>Healthy &#038; Organic Living Eco Log Houses don\u2019t just look good, they\u2019re good for your health, too. Eco log house is an expert in healthy wood houses and our R&amp;D team works in research projects with leading specialists to develop innovations for well-being and healthy living. With our Eco Healthy Living\u2122 programme, we\u2019re building on [&hellip;]<\/p>\n","protected":false},"author":1,"featured_media":0,"parent":0,"menu_order":0,"comment_status":"closed","ping_status":"closed","template":"elementor_header_footer","meta":{"footnotes":""},"class_list":["post-5030","page","type-page","status-publish","hentry"],"_links":{"self":[{"href":"https:\/\/ecologhouse.ca\/fr\/wp-json\/wp\/v2\/pages\/5030","targetHints":{"allow":["GET"]}}],"collection":[{"href":"https:\/\/ecologhouse.ca\/fr\/wp-json\/wp\/v2\/pages"}],"about":[{"href":"https:\/\/ecologhouse.ca\/fr\/wp-json\/wp\/v2\/types\/page"}],"author":[{"embeddable":true,"href":"https:\/\/ecologhouse.ca\/fr\/wp-json\/wp\/v2\/users\/1"}],"replies":[{"embeddable":true,"href":"https:\/\/ecologhouse.ca\/fr\/wp-json\/wp\/v2\/comments?post=5030"}],"version-history":[{"count":0,"href":"https:\/\/ecologhouse.ca\/fr\/wp-json\/wp\/v2\/pages\/5030\/revisions"}],"wp:attachment":[{"href":"https:\/\/ecologhouse.ca\/fr\/wp-json\/wp\/v2\/media?parent=5030"}],"curies":[{"name":"wp","href":"https:\/\/api.w.org\/{rel}","templated":true}]}}