{"id":5365,"date":"2024-10-09T00:33:16","date_gmt":"2024-10-09T00:33:16","guid":{"rendered":"https:\/\/ecologhouse.ca\/?page_id=5365"},"modified":"2024-11-07T16:49:16","modified_gmt":"2024-11-07T16:49:16","slug":"safe-dreams-with-certified-quality","status":"publish","type":"page","link":"https:\/\/ecologhouse.ca\/fr\/safe-dreams-with-certified-quality\/","title":{"rendered":"Des r\u00eaves en toute s\u00e9curit\u00e9 gr\u00e2ce \u00e0 une qualit\u00e9 certifi\u00e9e"},"content":{"rendered":"<div data-elementor-type=\"wp-page\" data-elementor-id=\"5365\" class=\"elementor elementor-5365\" data-elementor-post-type=\"page\">\n\t\t\t\t<div class=\"elementor-element elementor-element-6660cbc e-flex e-con-boxed e-con e-parent\" data-id=\"6660cbc\" data-element_type=\"container\" data-e-type=\"container\" data-settings=\"{&quot;background_background&quot;:&quot;classic&quot;}\">\n\t\t\t\t\t<div class=\"e-con-inner\">\n\t\t\t\t<div class=\"elementor-element elementor-element-c953d18 animated-fast elementor-invisible elementor-widget elementor-widget-heading\" data-id=\"c953d18\" data-element_type=\"widget\" data-e-type=\"widget\" data-settings=\"{&quot;_animation&quot;:&quot;ova-move-up&quot;,&quot;_animation_tablet&quot;:&quot;none&quot;,&quot;_animation_delay&quot;:200}\" data-widget_type=\"heading.default\">\n\t\t\t\t<div class=\"elementor-widget-container\">\n\t\t\t\t\t<h1 class=\"elementor-heading-title elementor-size-default\">Des r\u00eaves en toute s\u00e9curit\u00e9 gr\u00e2ce \u00e0 une qualit\u00e9 certifi\u00e9e<\/h1>\t\t\t\t<\/div>\n\t\t\t\t<\/div>\n\t\t\t\t\t<\/div>\n\t\t\t\t<\/div>\n\t\t\t\t<section class=\"elementor-section elementor-top-section elementor-element elementor-element-9276524 elementor-reverse-mobile elementor-section-boxed elementor-section-height-default elementor-section-height-default\" data-id=\"9276524\" data-element_type=\"section\" data-e-type=\"section\">\n\t\t\t\t\t\t\t<div class=\"elementor-background-overlay\"><\/div>\n\t\t\t\t\t\t\t<div class=\"elementor-container elementor-column-gap-no\">\n\t\t\t\t\t<div class=\"elementor-column elementor-col-50 elementor-top-column elementor-element elementor-element-e63aaa1\" data-id=\"e63aaa1\" data-element_type=\"column\" data-e-type=\"column\">\n\t\t\t<div class=\"elementor-widget-wrap elementor-element-populated\">\n\t\t\t\t\t\t<div class=\"elementor-element elementor-element-cec8917 elementor-widget__width-inherit elementor-widget-mobile__width-inherit elementor-invisible elementor-widget elementor-widget-retirio_elementor_image\" data-id=\"cec8917\" data-element_type=\"widget\" data-e-type=\"widget\" data-settings=\"{&quot;_animation&quot;:&quot;fadeInLeft&quot;,&quot;_animation_tablet&quot;:&quot;none&quot;}\" data-widget_type=\"retirio_elementor_image.default\">\n\t\t\t\t<div class=\"elementor-widget-container\">\n\t\t\t\t\t\t\t \n\t\t\n\t\t\n\t\t   \t<div class=\"ova-img template2\">\n\t\t   \t\t<img decoding=\"async\" src=\"https:\/\/ecologhouse.ca\/wp-content\/uploads\/2024\/10\/modern-city-corner-rovaniemi-log-house.jpg\" alt=\"\">\n\t\t\t\t\n\t\t\t\t\n\t\t\t\t\t\t\t\t\t<div class=\"line line-left\"><\/div>\n\t\t\t\t\n\t\t\t\t\t\t\t\t\t<div class=\"line-left text\">\n\t\t\t\t\t\t<h2>Saving<\/h2>\n\t\t\t\t\t<\/div>\n\t\t\t\t\t\t\t<\/div>\n\n\t\t\t\t\t\t<\/div>\n\t\t\t\t<\/div>\n\t\t\t\t\t<\/div>\n\t\t<\/div>\n\t\t\t\t<div class=\"elementor-column elementor-col-50 elementor-top-column elementor-element elementor-element-aaf6410 animated-slow elementor-invisible\" data-id=\"aaf6410\" data-element_type=\"column\" data-e-type=\"column\" data-settings=\"{&quot;animation&quot;:&quot;slideInRight&quot;,&quot;animation_tablet&quot;:&quot;none&quot;,&quot;animation_delay&quot;:100}\">\n\t\t\t<div class=\"elementor-widget-wrap elementor-element-populated\">\n\t\t\t\t\t\t<div class=\"elementor-element elementor-element-44c0464 elementor-widget elementor-widget-retirio_elementor_heading\" data-id=\"44c0464\" data-element_type=\"widget\" data-e-type=\"widget\" data-widget_type=\"retirio_elementor_heading.default\">\n\t\t\t\t<div class=\"elementor-widget-container\">\n\t\t\t\t\t\n\t\t<div class=\"ova-title\">\n\n\t\t\t\t\t\t\t<h3 class=\"sub-title\">Innovation dans chaque \u00e9l\u00e9ment<\/h3>\n\t\t\t\n\t\t\t\t\t\t\t\t\t\t\t\t\t\t<h2 class=\"title\">\n\t\t\t\t\t\t\t\tQualit\u00e9 certifi\u00e9e\t\t\t\t\t\t\t<\/h2>\n\t\t\t\t\t\t\t\n\t\t\t\t\t\t\t<p class=\"description\"> Nos efforts constants en recherche et d\u00e9veloppement s\u2019appuient sur nos valeurs fondamentales : promouvoir un mode de vie sain, durable et s\u00fbr.\n\nNotre savoir-faire repose sur une vaste exp\u00e9rience dans la conception et la fabrication de maisons en bois massif authentique, livr\u00e9es dans plus de pays que toute autre marque de maisons au monde.\n\nToutes nos maisons sont fabriqu\u00e9es en Finlande \u00e0 partir de pin finlandais de haute qualit\u00e9, conform\u00e9ment aux exigences du marquage CE et \u00e0 la norme de qualit\u00e9 ISO 9004. Nos activit\u00e9s sont \u00e9galement certifi\u00e9es selon la norme environnementale ISO 14001. <\/p>\n\t\t\t\n\t\t<\/div> \n\t\t\t\t\t\t<\/div>\n\t\t\t\t<\/div>\n\t\t\t\t<div class=\"elementor-element elementor-element-7677865 elementor-widget elementor-widget-text-editor\" data-id=\"7677865\" data-element_type=\"widget\" data-e-type=\"widget\" data-widget_type=\"text-editor.default\">\n\t\t\t\t<div class=\"elementor-widget-container\">\n\t\t\t\t\t\t\t\t\t<p>\u00ab Eco Log House est largement reconnu comme un constructeur de maisons en bois de haute qualit\u00e9. Vous pouvez dormir sur vos deux oreilles dans votre nouvelle maison, en sachant que toutes les solutions sont certifi\u00e9es, s\u00fbres et con\u00e7ues pour durer des si\u00e8cles. \u00bb<\/p>\t\t\t\t\t\t\t\t<\/div>\n\t\t\t\t<\/div>\n\t\t\t\t\t<\/div>\n\t\t<\/div>\n\t\t\t\t\t<\/div>\n\t\t<\/section>\n\t\t\t\t<\/div>","protected":false},"excerpt":{"rendered":"<p>Safe dreams with certified quality Saving Innovation in every element Certified quality Our continuous research and development efforts are based on our values of furthering healthy, sustainable and safe living. Our knowledge is based on extensive experience in planning and producing genuine massive wood houses that we have delivered to more nations than any other [&hellip;]<\/p>\n","protected":false},"author":1,"featured_media":0,"parent":0,"menu_order":0,"comment_status":"closed","ping_status":"closed","template":"elementor_header_footer","meta":{"footnotes":""},"class_list":["post-5365","page","type-page","status-publish","hentry"],"_links":{"self":[{"href":"https:\/\/ecologhouse.ca\/fr\/wp-json\/wp\/v2\/pages\/5365","targetHints":{"allow":["GET"]}}],"collection":[{"href":"https:\/\/ecologhouse.ca\/fr\/wp-json\/wp\/v2\/pages"}],"about":[{"href":"https:\/\/ecologhouse.ca\/fr\/wp-json\/wp\/v2\/types\/page"}],"author":[{"embeddable":true,"href":"https:\/\/ecologhouse.ca\/fr\/wp-json\/wp\/v2\/users\/1"}],"replies":[{"embeddable":true,"href":"https:\/\/ecologhouse.ca\/fr\/wp-json\/wp\/v2\/comments?post=5365"}],"version-history":[{"count":0,"href":"https:\/\/ecologhouse.ca\/fr\/wp-json\/wp\/v2\/pages\/5365\/revisions"}],"wp:attachment":[{"href":"https:\/\/ecologhouse.ca\/fr\/wp-json\/wp\/v2\/media?parent=5365"}],"curies":[{"name":"wp","href":"https:\/\/api.w.org\/{rel}","templated":true}]}}