{"id":5382,"date":"2024-10-09T00:34:42","date_gmt":"2024-10-09T00:34:42","guid":{"rendered":"https:\/\/ecologhouse.ca\/?page_id=5382"},"modified":"2024-10-09T16:15:14","modified_gmt":"2024-10-09T16:15:14","slug":"designed-to-last-for-generations","status":"publish","type":"page","link":"https:\/\/ecologhouse.ca\/fr\/designed-to-last-for-generations\/","title":{"rendered":"Con\u00e7ues pour durer des g\u00e9n\u00e9rations"},"content":{"rendered":"<div data-elementor-type=\"wp-page\" data-elementor-id=\"5382\" class=\"elementor elementor-5382\" data-elementor-post-type=\"page\">\n\t\t\t\t<div class=\"elementor-element elementor-element-6660cbc e-flex e-con-boxed e-con e-parent\" data-id=\"6660cbc\" data-element_type=\"container\" data-e-type=\"container\" data-settings=\"{&quot;background_background&quot;:&quot;classic&quot;}\">\n\t\t\t\t\t<div class=\"e-con-inner\">\n\t\t\t\t<div class=\"elementor-element elementor-element-c953d18 animated-fast elementor-invisible elementor-widget elementor-widget-heading\" data-id=\"c953d18\" data-element_type=\"widget\" data-e-type=\"widget\" data-settings=\"{&quot;_animation&quot;:&quot;ova-move-up&quot;,&quot;_animation_tablet&quot;:&quot;none&quot;,&quot;_animation_delay&quot;:200}\" data-widget_type=\"heading.default\">\n\t\t\t\t<div class=\"elementor-widget-container\">\n\t\t\t\t\t<h1 class=\"elementor-heading-title elementor-size-default\">Con\u00e7ues pour durer des g\u00e9n\u00e9rations<\/h1>\t\t\t\t<\/div>\n\t\t\t\t<\/div>\n\t\t\t\t\t<\/div>\n\t\t\t\t<\/div>\n\t\t\t\t<section class=\"elementor-section elementor-top-section elementor-element elementor-element-9276524 elementor-reverse-mobile elementor-section-boxed elementor-section-height-default elementor-section-height-default\" data-id=\"9276524\" data-element_type=\"section\" data-e-type=\"section\">\n\t\t\t\t\t\t\t<div class=\"elementor-background-overlay\"><\/div>\n\t\t\t\t\t\t\t<div class=\"elementor-container elementor-column-gap-no\">\n\t\t\t\t\t<div class=\"elementor-column elementor-col-50 elementor-top-column elementor-element elementor-element-e63aaa1\" data-id=\"e63aaa1\" data-element_type=\"column\" data-e-type=\"column\">\n\t\t\t<div class=\"elementor-widget-wrap elementor-element-populated\">\n\t\t\t\t\t\t<div class=\"elementor-element elementor-element-cec8917 elementor-widget__width-inherit elementor-widget-mobile__width-inherit elementor-invisible elementor-widget elementor-widget-retirio_elementor_image\" data-id=\"cec8917\" data-element_type=\"widget\" data-e-type=\"widget\" data-settings=\"{&quot;_animation&quot;:&quot;fadeInLeft&quot;,&quot;_animation_tablet&quot;:&quot;none&quot;}\" data-widget_type=\"retirio_elementor_image.default\">\n\t\t\t\t<div class=\"elementor-widget-container\">\n\t\t\t\t\t\t\t \n\t\t\n\t\t\n\t\t   \t<div class=\"ova-img template2\">\n\t\t   \t\t<img decoding=\"async\" src=\"https:\/\/ecologhouse.ca\/wp-content\/uploads\/2022\/06\/18-rovaniemi-log-house-cosy-cottage-terrace.jpg\" alt=\"\">\n\t\t\t\t\n\t\t\t\t\n\t\t\t\t\t\t\t\t\t<div class=\"line line-left\"><\/div>\n\t\t\t\t\n\t\t\t\t\t\t\t\t\t<div class=\"line-left text\">\n\t\t\t\t\t\t<h2>Airtight<\/h2>\n\t\t\t\t\t<\/div>\n\t\t\t\t\t\t\t<\/div>\n\n\t\t\t\t\t\t<\/div>\n\t\t\t\t<\/div>\n\t\t\t\t\t<\/div>\n\t\t<\/div>\n\t\t\t\t<div class=\"elementor-column elementor-col-50 elementor-top-column elementor-element elementor-element-aaf6410 animated-slow elementor-invisible\" data-id=\"aaf6410\" data-element_type=\"column\" data-e-type=\"column\" data-settings=\"{&quot;animation&quot;:&quot;slideInRight&quot;,&quot;animation_tablet&quot;:&quot;none&quot;,&quot;animation_delay&quot;:100}\">\n\t\t\t<div class=\"elementor-widget-wrap elementor-element-populated\">\n\t\t\t\t\t\t<div class=\"elementor-element elementor-element-44c0464 elementor-widget elementor-widget-retirio_elementor_heading\" data-id=\"44c0464\" data-element_type=\"widget\" data-e-type=\"widget\" data-widget_type=\"retirio_elementor_heading.default\">\n\t\t\t\t<div class=\"elementor-widget-container\">\n\t\t\t\t\t\n\t\t<div class=\"ova-title\">\n\n\t\t\t\n\t\t\t\t\t\t\t\t\t\t\t\t\t\t<h2 class=\"title\">\n\t\t\t\t\t\t\t\t\u00c9tanches \u00e0 l\u2019air et aux intemp\u00e9ries\t\t\t\t\t\t\t<\/h2>\n\t\t\t\t\t\t\t\n\t\t\t\t\t\t\t<p class=\"description\"> Nous travaillons depuis longtemps sur l\u2019\u00e9tanch\u00e9it\u00e9 des maisons Eco Log, car elle est essentielle non seulement pour le confort int\u00e9rieur, mais aussi pour la durabilit\u00e9, la consommation \u00e9nerg\u00e9tique et la s\u00e9curit\u00e9 incendie de l\u2019habitation. <\/p>\n\t\t\t\n\t\t<\/div> \n\t\t\t\t\t\t<\/div>\n\t\t\t\t<\/div>\n\t\t\t\t<div class=\"elementor-element elementor-element-5048a64 elementor-widget elementor-widget-heading\" data-id=\"5048a64\" data-element_type=\"widget\" data-e-type=\"widget\" data-widget_type=\"heading.default\">\n\t\t\t\t<div class=\"elementor-widget-container\">\n\t\t\t\t\t<h2 class=\"elementor-heading-title elementor-size-default\">Une excellente \u00e9tanch\u00e9it\u00e9 garantit :<\/h2>\t\t\t\t<\/div>\n\t\t\t\t<\/div>\n\t\t\t\t<div class=\"elementor-element elementor-element-762e515 elementor-align-start elementor-widget__width-initial elementor-icon-list--layout-traditional elementor-list-item-link-full_width elementor-widget elementor-widget-icon-list\" data-id=\"762e515\" data-element_type=\"widget\" data-e-type=\"widget\" data-widget_type=\"icon-list.default\">\n\t\t\t\t<div class=\"elementor-widget-container\">\n\t\t\t\t\t\t\t<ul class=\"elementor-icon-list-items\">\n\t\t\t\t\t\t\t<li class=\"elementor-icon-list-item\">\n\t\t\t\t\t\t\t\t\t\t\t<span class=\"elementor-icon-list-icon\">\n\t\t\t\t\t\t\t<svg aria-hidden=\"true\" class=\"e-font-icon-svg e-fas-check\" viewbox=\"0 0 512 512\" xmlns=\"http:\/\/www.w3.org\/2000\/svg\"><path d=\"M173.898 439.404l-166.4-166.4c-9.997-9.997-9.997-26.206 0-36.204l36.203-36.204c9.997-9.998 26.207-9.998 36.204 0L192 312.69 432.095 72.596c9.997-9.997 26.207-9.997 36.204 0l36.203 36.204c9.997 9.997 9.997 26.206 0 36.204l-294.4 294.401c-9.998 9.997-26.207 9.997-36.204-.001z\"><\/path><\/svg>\t\t\t\t\t\t<\/span>\n\t\t\t\t\t\t\t\t\t\t<span class=\"elementor-icon-list-text\">Une perte de chaleur minimis\u00e9e et des factures d\u2019\u00e9nergie r\u00e9duites<\/span>\n\t\t\t\t\t\t\t\t\t<\/li>\n\t\t\t\t\t\t\t\t<li class=\"elementor-icon-list-item\">\n\t\t\t\t\t\t\t\t\t\t\t<span class=\"elementor-icon-list-icon\">\n\t\t\t\t\t\t\t<svg aria-hidden=\"true\" class=\"e-font-icon-svg e-fas-check\" viewbox=\"0 0 512 512\" xmlns=\"http:\/\/www.w3.org\/2000\/svg\"><path d=\"M173.898 439.404l-166.4-166.4c-9.997-9.997-9.997-26.206 0-36.204l36.203-36.204c9.997-9.998 26.207-9.998 36.204 0L192 312.69 432.095 72.596c9.997-9.997 26.207-9.997 36.204 0l36.203 36.204c9.997 9.997 9.997 26.206 0 36.204l-294.4 294.401c-9.998 9.997-26.207 9.997-36.204-.001z\"><\/path><\/svg>\t\t\t\t\t\t<\/span>\n\t\t\t\t\t\t\t\t\t\t<span class=\"elementor-icon-list-text\">Un confort thermique stable toute l\u2019ann\u00e9e<\/span>\n\t\t\t\t\t\t\t\t\t<\/li>\n\t\t\t\t\t\t\t\t<li class=\"elementor-icon-list-item\">\n\t\t\t\t\t\t\t\t\t\t\t<span class=\"elementor-icon-list-icon\">\n\t\t\t\t\t\t\t<svg aria-hidden=\"true\" class=\"e-font-icon-svg e-fas-check\" viewbox=\"0 0 512 512\" xmlns=\"http:\/\/www.w3.org\/2000\/svg\"><path d=\"M173.898 439.404l-166.4-166.4c-9.997-9.997-9.997-26.206 0-36.204l36.203-36.204c9.997-9.998 26.207-9.998 36.204 0L192 312.69 432.095 72.596c9.997-9.997 26.207-9.997 36.204 0l36.203 36.204c9.997 9.997 9.997 26.206 0 36.204l-294.4 294.401c-9.998 9.997-26.207 9.997-36.204-.001z\"><\/path><\/svg>\t\t\t\t\t\t<\/span>\n\t\t\t\t\t\t\t\t\t\t<span class=\"elementor-icon-list-text\">L\u2019absence de courants d\u2019air pour un meilleur confort de vie<\/span>\n\t\t\t\t\t\t\t\t\t<\/li>\n\t\t\t\t\t\t\t\t<li class=\"elementor-icon-list-item\">\n\t\t\t\t\t\t\t\t\t\t\t<span class=\"elementor-icon-list-icon\">\n\t\t\t\t\t\t\t<svg aria-hidden=\"true\" class=\"e-font-icon-svg e-fas-check\" viewbox=\"0 0 512 512\" xmlns=\"http:\/\/www.w3.org\/2000\/svg\"><path d=\"M173.898 439.404l-166.4-166.4c-9.997-9.997-9.997-26.206 0-36.204l36.203-36.204c9.997-9.998 26.207-9.998 36.204 0L192 312.69 432.095 72.596c9.997-9.997 26.207-9.997 36.204 0l36.203 36.204c9.997 9.997 9.997 26.206 0 36.204l-294.4 294.401c-9.998 9.997-26.207 9.997-36.204-.001z\"><\/path><\/svg>\t\t\t\t\t\t<\/span>\n\t\t\t\t\t\t\t\t\t\t<span class=\"elementor-icon-list-text\">Une protection efficace contre l\u2019humidit\u00e9, les moisissures et les champignons<\/span>\n\t\t\t\t\t\t\t\t\t<\/li>\n\t\t\t\t\t\t\t\t<li class=\"elementor-icon-list-item\">\n\t\t\t\t\t\t\t\t\t\t\t<span class=\"elementor-icon-list-icon\">\n\t\t\t\t\t\t\t<svg aria-hidden=\"true\" class=\"e-font-icon-svg e-fas-check\" viewbox=\"0 0 512 512\" xmlns=\"http:\/\/www.w3.org\/2000\/svg\"><path d=\"M173.898 439.404l-166.4-166.4c-9.997-9.997-9.997-26.206 0-36.204l36.203-36.204c9.997-9.998 26.207-9.998 36.204 0L192 312.69 432.095 72.596c9.997-9.997 26.207-9.997 36.204 0l36.203 36.204c9.997 9.997 9.997 26.206 0 36.204l-294.4 294.401c-9.998 9.997-26.207 9.997-36.204-.001z\"><\/path><\/svg>\t\t\t\t\t\t<\/span>\n\t\t\t\t\t\t\t\t\t\t<span class=\"elementor-icon-list-text\">Une ventilation ma\u00eetris\u00e9e et une meilleure qualit\u00e9 de l\u2019air int\u00e9rieur<\/span>\n\t\t\t\t\t\t\t\t\t<\/li>\n\t\t\t\t\t\t\t\t<li class=\"elementor-icon-list-item\">\n\t\t\t\t\t\t\t\t\t\t\t<span class=\"elementor-icon-list-icon\">\n\t\t\t\t\t\t\t<svg aria-hidden=\"true\" class=\"e-font-icon-svg e-fas-check\" viewbox=\"0 0 512 512\" xmlns=\"http:\/\/www.w3.org\/2000\/svg\"><path d=\"M173.898 439.404l-166.4-166.4c-9.997-9.997-9.997-26.206 0-36.204l36.203-36.204c9.997-9.998 26.207-9.998 36.204 0L192 312.69 432.095 72.596c9.997-9.997 26.207-9.997 36.204 0l36.203 36.204c9.997 9.997 9.997 26.206 0 36.204l-294.4 294.401c-9.998 9.997-26.207 9.997-36.204-.001z\"><\/path><\/svg>\t\t\t\t\t\t<\/span>\n\t\t\t\t\t\t\t\t\t\t<span class=\"elementor-icon-list-text\">Une isolation acoustique renforc\u00e9e<\/span>\n\t\t\t\t\t\t\t\t\t<\/li>\n\t\t\t\t\t\t\t\t<li class=\"elementor-icon-list-item\">\n\t\t\t\t\t\t\t\t\t\t\t<span class=\"elementor-icon-list-icon\">\n\t\t\t\t\t\t\t<svg aria-hidden=\"true\" class=\"e-font-icon-svg e-fas-check\" viewbox=\"0 0 512 512\" xmlns=\"http:\/\/www.w3.org\/2000\/svg\"><path d=\"M173.898 439.404l-166.4-166.4c-9.997-9.997-9.997-26.206 0-36.204l36.203-36.204c9.997-9.998 26.207-9.998 36.204 0L192 312.69 432.095 72.596c9.997-9.997 26.207-9.997 36.204 0l36.203 36.204c9.997 9.997 9.997 26.206 0 36.204l-294.4 294.401c-9.998 9.997-26.207 9.997-36.204-.001z\"><\/path><\/svg>\t\t\t\t\t\t<\/span>\n\t\t\t\t\t\t\t\t\t\t<span class=\"elementor-icon-list-text\">Une s\u00e9curit\u00e9 incendie accrue<\/span>\n\t\t\t\t\t\t\t\t\t<\/li>\n\t\t\t\t\t\t<\/ul>\n\t\t\t\t\t\t<\/div>\n\t\t\t\t<\/div>\n\t\t\t\t\t<\/div>\n\t\t<\/div>\n\t\t\t\t\t<\/div>\n\t\t<\/section>\n\t\t<div class=\"elementor-element elementor-element-6884fa2 e-flex e-con-boxed e-con e-parent\" data-id=\"6884fa2\" data-element_type=\"container\" data-e-type=\"container\">\n\t\t\t\t\t<div class=\"e-con-inner\">\n\t\t\t\t<div class=\"elementor-element elementor-element-f8f3ec7 elementor-widget elementor-widget-image\" data-id=\"f8f3ec7\" data-element_type=\"widget\" data-e-type=\"widget\" data-widget_type=\"image.default\">\n\t\t\t\t<div class=\"elementor-widget-container\">\n\t\t\t\t\t\t\t\t\t\t\t\t\t\t\t<img fetchpriority=\"high\" decoding=\"async\" width=\"800\" height=\"558\" src=\"https:\/\/ecologhouse.ca\/wp-content\/uploads\/2024\/10\/airtightness-1.jpg\" class=\"attachment-large size-large wp-image-5516\" alt=\"\" srcset=\"https:\/\/ecologhouse.ca\/wp-content\/uploads\/2024\/10\/airtightness-1.jpg 890w, https:\/\/ecologhouse.ca\/wp-content\/uploads\/2024\/10\/airtightness-1-300x209.jpg 300w, https:\/\/ecologhouse.ca\/wp-content\/uploads\/2024\/10\/airtightness-1-768x536.jpg 768w\" sizes=\"(max-width: 800px) 100vw, 800px\" \/>\t\t\t\t\t\t\t\t\t\t\t\t\t\t\t<\/div>\n\t\t\t\t<\/div>\n\t\t\t\t\t<\/div>\n\t\t\t\t<\/div>\n\t\t\t\t<section class=\"elementor-section elementor-top-section elementor-element elementor-element-599e86f elementor-section-boxed elementor-section-height-default elementor-section-height-default\" data-id=\"599e86f\" data-element_type=\"section\" data-e-type=\"section\" data-settings=\"{&quot;background_background&quot;:&quot;classic&quot;}\">\n\t\t\t\t\t\t<div class=\"elementor-container elementor-column-gap-no\">\n\t\t\t\t\t<div class=\"elementor-column elementor-col-50 elementor-top-column elementor-element elementor-element-490aa29 elementor-invisible\" data-id=\"490aa29\" data-element_type=\"column\" data-e-type=\"column\" data-settings=\"{&quot;animation&quot;:&quot;ova-move-left&quot;,&quot;animation_tablet&quot;:&quot;none&quot;}\">\n\t\t\t<div class=\"elementor-widget-wrap elementor-element-populated\">\n\t\t\t\t\t\t<div class=\"elementor-element elementor-element-e72419e elementor-widget elementor-widget-retirio_elementor_heading\" data-id=\"e72419e\" data-element_type=\"widget\" data-e-type=\"widget\" data-widget_type=\"retirio_elementor_heading.default\">\n\t\t\t\t<div class=\"elementor-widget-container\">\n\t\t\t\t\t\n\t\t<div class=\"ova-title\">\n\n\t\t\t\n\t\t\t\t\t\t\t\t\t\t\t\t\t\t<h2 class=\"title\">\n\t\t\t\t\t\t\t\tConfort et efficacit\u00e9 \u00e9nerg\u00e9tique\t\t\t\t\t\t\t<\/h2>\n\t\t\t\t\t\t\t\n\t\t\t\n\t\t<\/div> \n\t\t\t\t\t\t<\/div>\n\t\t\t\t<\/div>\n\t\t\t\t<div class=\"elementor-element elementor-element-ff5dee9 elementor-widget elementor-widget-text-editor\" data-id=\"ff5dee9\" data-element_type=\"widget\" data-e-type=\"widget\" data-widget_type=\"text-editor.default\">\n\t\t\t\t<div class=\"elementor-widget-container\">\n\t\t\t\t\t\t\t\t\t<p>Nos madriers usin\u00e9s avec pr\u00e9cision et \u00e9quip\u00e9s de joints int\u00e9gr\u00e9s permettent des assemblages parfaitement \u00e9tanches. Toutes les maisons Eco Log sont isol\u00e9es en usine \u00e0 l\u2019aide de doubles joints, ce qui am\u00e9liore l\u2019isolation, r\u00e9duit les erreurs possibles lors de l\u2019assemblage sur site et acc\u00e9l\u00e8re la construction.\nNous sommes fiers d\u2019offrir certaines des maisons les plus \u00e9tanches \u00e0 l\u2019air et \u00e0 l\u2019humidit\u00e9 du march\u00e9.<\/p><p>Quand l\u2019enveloppe du b\u00e2timent est parfaitement herm\u00e9tique, il n\u2019y a ni fuite d\u2019air incontr\u00f4l\u00e9e ni perte de chaleur. Le confort int\u00e9rieur s\u2019en trouve consid\u00e9rablement am\u00e9lior\u00e9, notamment gr\u00e2ce \u00e0 l\u2019absence de courants d\u2019air. Cela permet m\u00eame de r\u00e9duire la temp\u00e9rature int\u00e9rieure d\u2019un ou deux degr\u00e9s, ce qui se traduit par des \u00e9conomies d\u2019\u00e9nergie.<\/p>\t\t\t\t\t\t\t\t<\/div>\n\t\t\t\t<\/div>\n\t\t\t\t\t<\/div>\n\t\t<\/div>\n\t\t\t\t<div class=\"elementor-column elementor-col-50 elementor-top-column elementor-element elementor-element-c8ee62c elementor-invisible\" data-id=\"c8ee62c\" data-element_type=\"column\" data-e-type=\"column\" data-settings=\"{&quot;animation&quot;:&quot;ova-move-right&quot;,&quot;animation_tablet&quot;:&quot;none&quot;}\">\n\t\t\t<div class=\"elementor-widget-wrap elementor-element-populated\">\n\t\t\t\t\t\t<div class=\"elementor-element elementor-element-3a3de7a elementor-widget elementor-widget-retirio_elementor_image\" data-id=\"3a3de7a\" data-element_type=\"widget\" data-e-type=\"widget\" data-widget_type=\"retirio_elementor_image.default\">\n\t\t\t\t<div class=\"elementor-widget-container\">\n\t\t\t\t\t\t\t \n\t\t\n\t\t\n\t\t   \t<div class=\"ova-img template2\">\n\t\t   \t\t<img decoding=\"async\" src=\"https:\/\/ecologhouse.ca\/wp-content\/uploads\/2022\/06\/24-rovaniemi-log-house-cosy-wooden-cottage-with-sauna.jpg\" alt=\"\">\n\t\t\t\t\n\t\t\t\t\t\t\t\t\t<div class=\"line line-right\"><\/div>\n\t\t\t\t\n\t\t\t\t\n\t\t\t\t\t\t\t\t\t<div class=\"line-left text\">\n\t\t\t\t\t\t<h2>Efficient <\/h2>\n\t\t\t\t\t<\/div>\n\t\t\t\t\t\t\t<\/div>\n\n\t\t\t\t\t\t<\/div>\n\t\t\t\t<\/div>\n\t\t\t\t\t<\/div>\n\t\t<\/div>\n\t\t\t\t\t<\/div>\n\t\t<\/section>\n\t\t\t\t<section class=\"elementor-section elementor-top-section elementor-element elementor-element-8b71a41 elementor-reverse-mobile elementor-section-boxed elementor-section-height-default elementor-section-height-default\" data-id=\"8b71a41\" data-element_type=\"section\" data-e-type=\"section\">\n\t\t\t\t\t\t\t<div class=\"elementor-background-overlay\"><\/div>\n\t\t\t\t\t\t\t<div class=\"elementor-container elementor-column-gap-no\">\n\t\t\t\t\t<div class=\"elementor-column elementor-col-50 elementor-top-column elementor-element elementor-element-c7c4630\" data-id=\"c7c4630\" data-element_type=\"column\" data-e-type=\"column\">\n\t\t\t<div class=\"elementor-widget-wrap elementor-element-populated\">\n\t\t\t\t\t\t<div class=\"elementor-element elementor-element-4cbba80 elementor-widget__width-inherit elementor-widget-mobile__width-inherit elementor-invisible elementor-widget elementor-widget-retirio_elementor_image\" data-id=\"4cbba80\" data-element_type=\"widget\" data-e-type=\"widget\" data-settings=\"{&quot;_animation&quot;:&quot;fadeInLeft&quot;,&quot;_animation_tablet&quot;:&quot;none&quot;}\" data-widget_type=\"retirio_elementor_image.default\">\n\t\t\t\t<div class=\"elementor-widget-container\">\n\t\t\t\t\t\t\t \n\t\t\n\t\t\n\t\t   \t<div class=\"ova-img template2\">\n\t\t   \t\t<img decoding=\"async\" src=\"https:\/\/ecologhouse.ca\/wp-content\/uploads\/2024\/08\/street-in-villa-la-angostura-town-villa-la-angostura-patagonia-argentina.jpg\" alt=\"Street in Villa La Angostura Town - Villa La Angostura, Patagonia, Argentina\">\n\t\t\t\t\n\t\t\t\t\n\t\t\t\t\t\t\t\t\t<div class=\"line line-left\"><\/div>\n\t\t\t\t\n\t\t\t\t\t\t\t\t\t<div class=\"line-left text\">\n\t\t\t\t\t\t<h2>proof <\/h2>\n\t\t\t\t\t<\/div>\n\t\t\t\t\t\t\t<\/div>\n\n\t\t\t\t\t\t<\/div>\n\t\t\t\t<\/div>\n\t\t\t\t<div class=\"elementor-element elementor-element-b808163 elementor-widget__width-inherit elementor-widget-mobile__width-inherit elementor-invisible elementor-widget elementor-widget-retirio_elementor_image\" data-id=\"b808163\" data-element_type=\"widget\" data-e-type=\"widget\" data-settings=\"{&quot;_animation&quot;:&quot;fadeInLeft&quot;,&quot;_animation_tablet&quot;:&quot;none&quot;}\" data-widget_type=\"retirio_elementor_image.default\">\n\t\t\t\t<div class=\"elementor-widget-container\">\n\t\t\t\t\t\t\t \n\t\t\n\t\t\n\t\t   \t<div class=\"ova-img template2\">\n\t\t   \t\t<img decoding=\"async\" src=\"https:\/\/ecologhouse.ca\/wp-content\/uploads\/2024\/08\/young-family-mum-dad-and-daughter-happily-spending-time-together-in-their-country-house-in-the-woods.jpg\" alt=\"Young family mum dad and daughter happily spending time together in their country house in the woods\">\n\t\t\t\t\n\t\t\t\t\n\t\t\t\t\t\t\t\t\t<div class=\"line line-left\"><\/div>\n\t\t\t\t\n\t\t\t\t\t\t\t\t\t<div class=\"line-left text\">\n\t\t\t\t\t\t<h2>durable<\/h2>\n\t\t\t\t\t<\/div>\n\t\t\t\t\t\t\t<\/div>\n\n\t\t\t\t\t\t<\/div>\n\t\t\t\t<\/div>\n\t\t\t\t\t<\/div>\n\t\t<\/div>\n\t\t\t\t<div class=\"elementor-column elementor-col-50 elementor-top-column elementor-element elementor-element-eb5c40c animated-slow elementor-invisible\" data-id=\"eb5c40c\" data-element_type=\"column\" data-e-type=\"column\" data-settings=\"{&quot;animation&quot;:&quot;slideInRight&quot;,&quot;animation_tablet&quot;:&quot;none&quot;,&quot;animation_delay&quot;:100}\">\n\t\t\t<div class=\"elementor-widget-wrap elementor-element-populated\">\n\t\t\t\t\t\t<div class=\"elementor-element elementor-element-885a765 elementor-widget elementor-widget-retirio_elementor_heading\" data-id=\"885a765\" data-element_type=\"widget\" data-e-type=\"widget\" data-widget_type=\"retirio_elementor_heading.default\">\n\t\t\t\t<div class=\"elementor-widget-container\">\n\t\t\t\t\t\n\t\t<div class=\"ova-title\">\n\n\t\t\t\n\t\t\t\t\t\t\t\t\t\t\t\t\t\t<h2 class=\"title\">\n\t\t\t\t\t\t\t\tR\u00e9sistantes aux intemp\u00e9ries et durables\t\t\t\t\t\t\t<\/h2>\n\t\t\t\t\t\t\t\n\t\t\t\t\t\t\t<p class=\"description\"> Les structures murales respirantes sont s\u00fbres du point de vue de l\u2019humidit\u00e9, ce qui est crucial pour la durabilit\u00e9. Compos\u00e9es d\u2019un seul mat\u00e9riau \u2014 le bois \u2014 ces structures peuvent \u00ab respirer \u00bb et s\u00e9cher des deux c\u00f4t\u00e9s, sans ponts thermiques ni zones de condensation.\n\n <\/p>\n\t\t\t\n\t\t<\/div> \n\t\t\t\t\t\t<\/div>\n\t\t\t\t<\/div>\n\t\t\t\t<div class=\"elementor-element elementor-element-c058054 elementor-widget elementor-widget-text-editor\" data-id=\"c058054\" data-element_type=\"widget\" data-e-type=\"widget\" data-widget_type=\"text-editor.default\">\n\t\t\t\t<div class=\"elementor-widget-container\">\n\t\t\t\t\t\t\t\t\t<p><br \/>L\u2019\u00e9tanch\u00e9it\u00e9 prot\u00e8ge \u00e9galement votre maison des d\u00e9g\u00e2ts li\u00e9s \u00e0 l\u2019eau. La qualit\u00e9 du bois ainsi que les processus de s\u00e9chage et de traitement sont essentiels : chaque pi\u00e8ce de bois est soigneusement fa\u00e7onn\u00e9e et ajust\u00e9e pour garantir une parfaite r\u00e9sistance \u00e0 l\u2019humidit\u00e9.<\/p><p>Les parties les plus expos\u00e9es du b\u00e2timent sont prot\u00e9g\u00e9es par les d\u00e9bords de toit. Un entretien r\u00e9gulier de l\u2019ext\u00e9rieur du b\u00e2timent permet de pr\u00e9server le bois face aux intemp\u00e9ries, aux rayons UV et au vieillissement.<\/p><p>Il existe en Europe de nombreux b\u00e2timents en bois vieux de 200 \u00e0 300 ans : \u00e9glises, manoirs et habitations priv\u00e9es. Les plus anciennes maisons en bois de Finlande datent du XVIe si\u00e8cle.\nC\u2019est la preuve irr\u00e9futable de leur long\u00e9vit\u00e9. Construire une maison en bois massif, c\u2019est investir \u00e0 long terme : pour vous, vos enfants et les g\u00e9n\u00e9rations futures.<\/p>\t\t\t\t\t\t\t\t<\/div>\n\t\t\t\t<\/div>\n\t\t\t\t\t<\/div>\n\t\t<\/div>\n\t\t\t\t\t<\/div>\n\t\t<\/section>\n\t\t\t\t<\/div>","protected":false},"excerpt":{"rendered":"<p>Designed to last for generations Airtight Airtight and weatherproof We have been working intensively on the tightness of Eco Log Houses for a long time. Tightness is very important not only for the living comfort of your house, but also in terms of durability, energy consumption and fire safety of your house. Excellent tightness means: [&hellip;]<\/p>\n","protected":false},"author":1,"featured_media":0,"parent":0,"menu_order":0,"comment_status":"closed","ping_status":"closed","template":"elementor_header_footer","meta":{"footnotes":""},"class_list":["post-5382","page","type-page","status-publish","hentry"],"_links":{"self":[{"href":"https:\/\/ecologhouse.ca\/fr\/wp-json\/wp\/v2\/pages\/5382","targetHints":{"allow":["GET"]}}],"collection":[{"href":"https:\/\/ecologhouse.ca\/fr\/wp-json\/wp\/v2\/pages"}],"about":[{"href":"https:\/\/ecologhouse.ca\/fr\/wp-json\/wp\/v2\/types\/page"}],"author":[{"embeddable":true,"href":"https:\/\/ecologhouse.ca\/fr\/wp-json\/wp\/v2\/users\/1"}],"replies":[{"embeddable":true,"href":"https:\/\/ecologhouse.ca\/fr\/wp-json\/wp\/v2\/comments?post=5382"}],"version-history":[{"count":0,"href":"https:\/\/ecologhouse.ca\/fr\/wp-json\/wp\/v2\/pages\/5382\/revisions"}],"wp:attachment":[{"href":"https:\/\/ecologhouse.ca\/fr\/wp-json\/wp\/v2\/media?parent=5382"}],"curies":[{"name":"wp","href":"https:\/\/api.w.org\/{rel}","templated":true}]}}