{"id":6725,"date":"2025-04-23T17:47:04","date_gmt":"2025-04-23T17:47:04","guid":{"rendered":"https:\/\/ecologhouse.ca\/?page_id=6725"},"modified":"2025-05-17T20:00:31","modified_gmt":"2025-05-17T20:00:31","slug":"contact-us","status":"publish","type":"page","link":"https:\/\/ecologhouse.ca\/fr\/contact-us\/","title":{"rendered":"Contactez-nous"},"content":{"rendered":"<div data-elementor-type=\"wp-page\" data-elementor-id=\"6725\" class=\"elementor elementor-6725\" data-elementor-post-type=\"page\">\n\t\t\t\t<div class=\"elementor-element elementor-element-4ca1610 e-flex e-con-boxed e-con e-parent\" data-id=\"4ca1610\" data-element_type=\"container\" data-e-type=\"container\">\n\t\t\t\t\t<div class=\"e-con-inner\">\n\t\t<div class=\"elementor-element elementor-element-8858651 e-con-full e-flex e-con e-child\" data-id=\"8858651\" data-element_type=\"container\" data-e-type=\"container\">\n\t\t\t\t<div class=\"elementor-element elementor-element-bceb159 elementor-widget elementor-widget-text-editor\" data-id=\"bceb159\" data-element_type=\"widget\" data-e-type=\"widget\" data-widget_type=\"text-editor.default\">\n\t\t\t\t<div class=\"elementor-widget-container\">\n\t\t\t\t\t\t\t\t\t<div id=\"comp-lk18yjzu6\" class=\"HcOXKn c9GqVL QxJLC3 lq2cno YQcXTT comp-lk18yjzu6 wixui-rich-text\" data-testid=\"richTextElement\"><h1 class=\"font_2 wixui-rich-text__text\"><span class=\"color_42 wixui-rich-text__text\"><span class=\"wixui-rich-text__text\">Planifiez un appel<\/span><\/span><\/h1><\/div><div id=\"comp-lk18yjzx2\" class=\"HcOXKn c9GqVL QxJLC3 lq2cno YQcXTT comp-lk18yjzx2 wixui-rich-text\" data-testid=\"richTextElement\"><p class=\"font_3 wixui-rich-text__text\"><span class=\"color_39 wixui-rich-text__text\"><span class=\"wixui-rich-text__text\">L'appel de d\u00e9couverte initial avec <strong>EcoLogHouse <\/strong><\/span><\/span>\u00a0est une occasion pour les clients de se connecter avec un membre de l'\u00e9quipe <span class=\"color_39 wixui-rich-text__text\"><span class=\"wixui-rich-text__text\"><strong>EcoLogHouse <\/strong><\/span><\/span>afin de partager les d\u00e9tails de leur projet et pour l'\u00e9quipe de fournir plus d'informations sur les prix, le processus et les services.<\/p><\/div><div id=\"comp-lk18yjzy\" class=\"HcOXKn c9GqVL QxJLC3 lq2cno YQcXTT comp-lk18yjzy wixui-rich-text\" data-testid=\"richTextElement\"><p class=\"font_8 wixui-rich-text__text\"><strong>C'est la maison de vos r\u00eaves ! Aidez-nous \u00e0 comprendre votre mode de vie, vos go\u00fbts, vos d\u00e9sirs et vos attentes (et pourquoi pas, \u00e0 mentionner votre budget).<\/strong><\/p><\/div>\t\t\t\t\t\t\t\t<\/div>\n\t\t\t\t<\/div>\n\t\t\t\t<div class=\"elementor-element elementor-element-8361a64 elementor-widget elementor-widget-shortcode\" data-id=\"8361a64\" data-element_type=\"widget\" data-e-type=\"widget\" data-widget_type=\"shortcode.default\">\n\t\t\t\t<div class=\"elementor-widget-container\">\n\t\t\t\t\t\t\t<div class=\"elementor-shortcode\">\r\n      <div class=\"max-w-5xl mx-auto p-2 bg-gradient-to-r from-white to-gray-100 rounded-2xl shadow-xl\">\r\n        <div id=\"ecb-app\"\r\n             class=\"relative flex flex-col md:flex-row bg-white rounded-2xl overflow-visible border border-gray-200 h-auto\">\r\n        <\/div>\r\n      <\/div>\r\n     <\/div>\n\t\t\t\t\t\t<\/div>\n\t\t\t\t<\/div>\n\t\t\t\t<\/div>\n\t\t\t\t\t<\/div>\n\t\t\t\t<\/div>\n\t\t\t\t<\/div>","protected":false},"excerpt":{"rendered":"<p>Schedule A Call Initial Discovery Call with EcoLogHouse \u00a0is a chance for clients to connect with a EcoLogHouse team member to share the details related to their project and for team to offer more information relating to pricing, process &amp; services. This is your dream home! Help us to understand your lifestyle, tastes, desires &amp; [&hellip;]<\/p>\n","protected":false},"author":1,"featured_media":0,"parent":0,"menu_order":0,"comment_status":"closed","ping_status":"closed","template":"elementor_header_footer","meta":{"footnotes":""},"class_list":["post-6725","page","type-page","status-publish","hentry"],"_links":{"self":[{"href":"https:\/\/ecologhouse.ca\/fr\/wp-json\/wp\/v2\/pages\/6725","targetHints":{"allow":["GET"]}}],"collection":[{"href":"https:\/\/ecologhouse.ca\/fr\/wp-json\/wp\/v2\/pages"}],"about":[{"href":"https:\/\/ecologhouse.ca\/fr\/wp-json\/wp\/v2\/types\/page"}],"author":[{"embeddable":true,"href":"https:\/\/ecologhouse.ca\/fr\/wp-json\/wp\/v2\/users\/1"}],"replies":[{"embeddable":true,"href":"https:\/\/ecologhouse.ca\/fr\/wp-json\/wp\/v2\/comments?post=6725"}],"version-history":[{"count":0,"href":"https:\/\/ecologhouse.ca\/fr\/wp-json\/wp\/v2\/pages\/6725\/revisions"}],"wp:attachment":[{"href":"https:\/\/ecologhouse.ca\/fr\/wp-json\/wp\/v2\/media?parent=6725"}],"curies":[{"name":"wp","href":"https:\/\/api.w.org\/{rel}","templated":true}]}}